{"id":1424,"date":"2024-07-03T09:10:29","date_gmt":"2024-07-03T09:10:29","guid":{"rendered":"https:\/\/www.lagalotiere.fr\/?page_id=1424"},"modified":"2024-07-03T09:15:17","modified_gmt":"2024-07-03T09:15:17","slug":"location-tireuse","status":"publish","type":"page","link":"https:\/\/www.lagalotiere.fr\/en\/location-tireuse\/","title":{"rendered":"Pumps Rental"},"content":{"rendered":"<p>For your weddings, anniversary fests. think about cider<br>Lignt and fresh, It is a great local option for apetizer, meal, or the day after.<\/p>\n\n\n\n<p>For each craft cider order, the pump rental is free. <\/p>\n\n\n\n<figure class=\"wp-block-image size-large is-resized\"><img fetchpriority=\"high\" decoding=\"async\" width=\"768\" height=\"1024\" src=\"https:\/\/www.lagalotiere.fr\/wp-content\/uploads\/2024\/07\/tireuse-768x1024.jpg\" alt=\"\" class=\"wp-image-1425\" style=\"width:528px;height:auto\" srcset=\"https:\/\/www.lagalotiere.fr\/wp-content\/uploads\/2024\/07\/tireuse-768x1024.jpg 768w, https:\/\/www.lagalotiere.fr\/wp-content\/uploads\/2024\/07\/tireuse-225x300.jpg 225w, https:\/\/www.lagalotiere.fr\/wp-content\/uploads\/2024\/07\/tireuse-1152x1536.jpg 1152w, https:\/\/www.lagalotiere.fr\/wp-content\/uploads\/2024\/07\/tireuse-9x12.jpg 9w, https:\/\/www.lagalotiere.fr\/wp-content\/uploads\/2024\/07\/tireuse-300x400.jpg 300w, https:\/\/www.lagalotiere.fr\/wp-content\/uploads\/2024\/07\/tireuse-600x800.jpg 600w, https:\/\/www.lagalotiere.fr\/wp-content\/uploads\/2024\/07\/tireuse.jpg 1200w\" sizes=\"(max-width: 768px) 100vw, 768px\" \/><\/figure>","protected":false},"excerpt":{"rendered":"<p>Pour vos mariages, anniversaires, kermesses, \u00e9v\u00e9nements en tout genre. Pensez au cidre.D\u00e9salt\u00e9rant, l\u00e9ger et frais, il est une belle alternative locale pour l&rsquo;ap\u00e9ro, le repas ou.. le lendemain. Pour toute commande de cidre \u00e0 la pression, la location de la tireuse est offerte.<\/p>","protected":false},"author":1,"featured_media":0,"parent":0,"menu_order":0,"comment_status":"closed","ping_status":"closed","template":"","meta":{"site-sidebar-layout":"default","site-content-layout":"","ast-site-content-layout":"default","site-content-style":"default","site-sidebar-style":"default","ast-global-header-display":"","ast-banner-title-visibility":"","ast-main-header-display":"","ast-hfb-above-header-display":"","ast-hfb-below-header-display":"","ast-hfb-mobile-header-display":"","site-post-title":"","ast-breadcrumbs-content":"","ast-featured-img":"","footer-sml-layout":"","ast-disable-related-posts":"","theme-transparent-header-meta":"","adv-header-id-meta":"","stick-header-meta":"","header-above-stick-meta":"","header-main-stick-meta":"","header-below-stick-meta":"","astra-migrate-meta-layouts":"set","ast-page-background-enabled":"default","ast-page-background-meta":{"desktop":{"background-color":"","background-image":"","background-repeat":"repeat","background-position":"center center","background-size":"auto","background-attachment":"scroll","background-type":"","background-media":"","overlay-type":"","overlay-color":"","overlay-opacity":"","overlay-gradient":""},"tablet":{"background-color":"","background-image":"","background-repeat":"repeat","background-position":"center center","background-size":"auto","background-attachment":"scroll","background-type":"","background-media":"","overlay-type":"","overlay-color":"","overlay-opacity":"","overlay-gradient":""},"mobile":{"background-color":"","background-image":"","background-repeat":"repeat","background-position":"center center","background-size":"auto","background-attachment":"scroll","background-type":"","background-media":"","overlay-type":"","overlay-color":"","overlay-opacity":"","overlay-gradient":""}},"ast-content-background-meta":{"desktop":{"background-color":"var(--ast-global-color-5)","background-image":"","background-repeat":"repeat","background-position":"center center","background-size":"auto","background-attachment":"scroll","background-type":"","background-media":"","overlay-type":"","overlay-color":"","overlay-opacity":"","overlay-gradient":""},"tablet":{"background-color":"var(--ast-global-color-5)","background-image":"","background-repeat":"repeat","background-position":"center center","background-size":"auto","background-attachment":"scroll","background-type":"","background-media":"","overlay-type":"","overlay-color":"","overlay-opacity":"","overlay-gradient":""},"mobile":{"background-color":"var(--ast-global-color-5)","background-image":"","background-repeat":"repeat","background-position":"center center","background-size":"auto","background-attachment":"scroll","background-type":"","background-media":"","overlay-type":"","overlay-color":"","overlay-opacity":"","overlay-gradient":""}},"footnotes":""},"class_list":["post-1424","page","type-page","status-publish","hentry"],"_links":{"self":[{"href":"https:\/\/www.lagalotiere.fr\/en\/wp-json\/wp\/v2\/pages\/1424","targetHints":{"allow":["GET"]}}],"collection":[{"href":"https:\/\/www.lagalotiere.fr\/en\/wp-json\/wp\/v2\/pages"}],"about":[{"href":"https:\/\/www.lagalotiere.fr\/en\/wp-json\/wp\/v2\/types\/page"}],"author":[{"embeddable":true,"href":"https:\/\/www.lagalotiere.fr\/en\/wp-json\/wp\/v2\/users\/1"}],"replies":[{"embeddable":true,"href":"https:\/\/www.lagalotiere.fr\/en\/wp-json\/wp\/v2\/comments?post=1424"}],"version-history":[{"count":2,"href":"https:\/\/www.lagalotiere.fr\/en\/wp-json\/wp\/v2\/pages\/1424\/revisions"}],"predecessor-version":[{"id":1429,"href":"https:\/\/www.lagalotiere.fr\/en\/wp-json\/wp\/v2\/pages\/1424\/revisions\/1429"}],"wp:attachment":[{"href":"https:\/\/www.lagalotiere.fr\/en\/wp-json\/wp\/v2\/media?parent=1424"}],"curies":[{"name":"wp","href":"https:\/\/api.w.org\/{rel}","templated":true}]}}