{"id":1436,"date":"2024-07-10T13:36:29","date_gmt":"2024-07-10T13:36:29","guid":{"rendered":"https:\/\/www.lagalotiere.fr\/?page_id=1436"},"modified":"2024-08-21T07:43:25","modified_gmt":"2024-08-21T07:43:25","slug":"le-bar-a-sydre","status":"publish","type":"page","link":"https:\/\/www.lagalotiere.fr\/en\/le-bar-a-sydre\/","title":{"rendered":"Le bar \u00e0 sydre"},"content":{"rendered":"<figure class=\"wp-block-image size-large is-resized\"><img fetchpriority=\"high\" decoding=\"async\" width=\"768\" height=\"1024\" src=\"https:\/\/www.lagalotiere.fr\/wp-content\/uploads\/2024\/06\/bar-a-cidre-768x1024.jpg\" alt=\"\" class=\"wp-image-1399\" style=\"width:708px;height:auto\" srcset=\"https:\/\/www.lagalotiere.fr\/wp-content\/uploads\/2024\/06\/bar-a-cidre-768x1024.jpg 768w, https:\/\/www.lagalotiere.fr\/wp-content\/uploads\/2024\/06\/bar-a-cidre-225x300.jpg 225w, https:\/\/www.lagalotiere.fr\/wp-content\/uploads\/2024\/06\/bar-a-cidre-1152x1536.jpg 1152w, https:\/\/www.lagalotiere.fr\/wp-content\/uploads\/2024\/06\/bar-a-cidre-9x12.jpg 9w, https:\/\/www.lagalotiere.fr\/wp-content\/uploads\/2024\/06\/bar-a-cidre-300x400.jpg 300w, https:\/\/www.lagalotiere.fr\/wp-content\/uploads\/2024\/06\/bar-a-cidre-600x800.jpg 600w, https:\/\/www.lagalotiere.fr\/wp-content\/uploads\/2024\/06\/bar-a-cidre.jpg 1200w\" sizes=\"(max-width: 768px) 100vw, 768px\" \/><\/figure>\n\n\n\n<p>Le bar \u00e0 sydre is our little chill place at la Galotiere<\/p>\n\n\n\n<p>Craft Cider and Peary.<\/p>\n\n\n\n<p>Apple and pear juices<\/p>\n\n\n\n<p>Sparkling apple juice <\/p>\n\n\n\n<p>Everything to have a refreshing after a walk around the orchards, or after visiting our shop.<\/p>\n\n\n\n<p>Ouverture de mai \u00e0 septembre<\/p>","protected":false},"excerpt":{"rendered":"<p>Le bar \u00e0 sydre, c&rsquo;est notre petit espace d\u00e9tente \u00e0 la Galotiere Cidre et poir\u00e9 \u00e0 la Pression Jus de pomme et de Poire Jus de pomme Petillant. Tout ce qu&rsquo;il faut pour se d\u00e9salt\u00e8rer apres une petite balade dans les vergers o\u00f9 un passage \u00e0 la boutique. Ouverture de mai \u00e0 septembre<\/p>","protected":false},"author":1,"featured_media":0,"parent":0,"menu_order":0,"comment_status":"closed","ping_status":"closed","template":"","meta":{"site-sidebar-layout":"default","site-content-layout":"","ast-site-content-layout":"default","site-content-style":"default","site-sidebar-style":"default","ast-global-header-display":"","ast-banner-title-visibility":"","ast-main-header-display":"","ast-hfb-above-header-display":"","ast-hfb-below-header-display":"","ast-hfb-mobile-header-display":"","site-post-title":"","ast-breadcrumbs-content":"","ast-featured-img":"","footer-sml-layout":"","ast-disable-related-posts":"","theme-transparent-header-meta":"","adv-header-id-meta":"","stick-header-meta":"","header-above-stick-meta":"","header-main-stick-meta":"","header-below-stick-meta":"","astra-migrate-meta-layouts":"set","ast-page-background-enabled":"default","ast-page-background-meta":{"desktop":{"background-color":"","background-image":"","background-repeat":"repeat","background-position":"center center","background-size":"auto","background-attachment":"scroll","background-type":"","background-media":"","overlay-type":"","overlay-color":"","overlay-opacity":"","overlay-gradient":""},"tablet":{"background-color":"","background-image":"","background-repeat":"repeat","background-position":"center center","background-size":"auto","background-attachment":"scroll","background-type":"","background-media":"","overlay-type":"","overlay-color":"","overlay-opacity":"","overlay-gradient":""},"mobile":{"background-color":"","background-image":"","background-repeat":"repeat","background-position":"center center","background-size":"auto","background-attachment":"scroll","background-type":"","background-media":"","overlay-type":"","overlay-color":"","overlay-opacity":"","overlay-gradient":""}},"ast-content-background-meta":{"desktop":{"background-color":"var(--ast-global-color-5)","background-image":"","background-repeat":"repeat","background-position":"center center","background-size":"auto","background-attachment":"scroll","background-type":"","background-media":"","overlay-type":"","overlay-color":"","overlay-opacity":"","overlay-gradient":""},"tablet":{"background-color":"var(--ast-global-color-5)","background-image":"","background-repeat":"repeat","background-position":"center center","background-size":"auto","background-attachment":"scroll","background-type":"","background-media":"","overlay-type":"","overlay-color":"","overlay-opacity":"","overlay-gradient":""},"mobile":{"background-color":"var(--ast-global-color-5)","background-image":"","background-repeat":"repeat","background-position":"center center","background-size":"auto","background-attachment":"scroll","background-type":"","background-media":"","overlay-type":"","overlay-color":"","overlay-opacity":"","overlay-gradient":""}},"footnotes":""},"class_list":["post-1436","page","type-page","status-publish","hentry"],"_links":{"self":[{"href":"https:\/\/www.lagalotiere.fr\/en\/wp-json\/wp\/v2\/pages\/1436","targetHints":{"allow":["GET"]}}],"collection":[{"href":"https:\/\/www.lagalotiere.fr\/en\/wp-json\/wp\/v2\/pages"}],"about":[{"href":"https:\/\/www.lagalotiere.fr\/en\/wp-json\/wp\/v2\/types\/page"}],"author":[{"embeddable":true,"href":"https:\/\/www.lagalotiere.fr\/en\/wp-json\/wp\/v2\/users\/1"}],"replies":[{"embeddable":true,"href":"https:\/\/www.lagalotiere.fr\/en\/wp-json\/wp\/v2\/comments?post=1436"}],"version-history":[{"count":4,"href":"https:\/\/www.lagalotiere.fr\/en\/wp-json\/wp\/v2\/pages\/1436\/revisions"}],"predecessor-version":[{"id":1523,"href":"https:\/\/www.lagalotiere.fr\/en\/wp-json\/wp\/v2\/pages\/1436\/revisions\/1523"}],"wp:attachment":[{"href":"https:\/\/www.lagalotiere.fr\/en\/wp-json\/wp\/v2\/media?parent=1436"}],"curies":[{"name":"wp","href":"https:\/\/api.w.org\/{rel}","templated":true}]}}