{"id":169,"date":"2021-02-17T13:03:47","date_gmt":"2021-02-17T13:03:47","guid":{"rendered":"http:\/\/lagalotiere.local\/?page_id=169"},"modified":"2023-05-31T09:31:00","modified_gmt":"2023-05-31T09:31:00","slug":"le-domaine","status":"publish","type":"page","link":"https:\/\/www.lagalotiere.fr\/en\/le-domaine\/","title":{"rendered":"Le Domaine"},"content":{"rendered":"<div data-elementor-type=\"wp-page\" data-elementor-id=\"169\" class=\"elementor elementor-169\">\n\t\t\t\t\t\t<section class=\"elementor-section elementor-top-section elementor-element elementor-element-91ad1eb elementor-section-boxed elementor-section-height-default elementor-section-height-default\" data-id=\"91ad1eb\" data-element_type=\"section\" data-e-type=\"section\">\n\t\t\t\t\t\t<div class=\"elementor-container elementor-column-gap-default\">\n\t\t\t\t\t<div class=\"elementor-column elementor-col-100 elementor-top-column elementor-element elementor-element-78c4ec5\" data-id=\"78c4ec5\" data-element_type=\"column\" data-e-type=\"column\">\n\t\t\t<div class=\"elementor-widget-wrap elementor-element-populated\">\n\t\t\t\t\t\t<div class=\"elementor-element elementor-element-314463b elementor-widget elementor-widget-heading\" data-id=\"314463b\" data-element_type=\"widget\" data-e-type=\"widget\" data-widget_type=\"heading.default\">\n\t\t\t\t<div class=\"elementor-widget-container\">\n\t\t\t\t\t<h2 class=\"elementor-heading-title elementor-size-default\">Le Domaine<\/h2>\t\t\t\t<\/div>\n\t\t\t\t<\/div>\n\t\t\t\t\t<\/div>\n\t\t<\/div>\n\t\t\t\t\t<\/div>\n\t\t<\/section>\n\t\t\t\t<section class=\"elementor-section elementor-top-section elementor-element elementor-element-10ccdb7 elementor-section-boxed elementor-section-height-default elementor-section-height-default\" data-id=\"10ccdb7\" data-element_type=\"section\" data-e-type=\"section\">\n\t\t\t\t\t\t<div class=\"elementor-container elementor-column-gap-default\">\n\t\t\t\t\t<div class=\"elementor-column elementor-col-50 elementor-top-column elementor-element elementor-element-af01a71\" data-id=\"af01a71\" data-element_type=\"column\" data-e-type=\"column\">\n\t\t\t<div class=\"elementor-widget-wrap elementor-element-populated\">\n\t\t\t\t\t\t<div class=\"elementor-element elementor-element-bb793a8 elementor-widget elementor-widget-image\" data-id=\"bb793a8\" data-element_type=\"widget\" data-e-type=\"widget\" data-widget_type=\"image.default\">\n\t\t\t\t<div class=\"elementor-widget-container\">\n\t\t\t\t\t\t\t\t\t\t\t\t\t\t\t<img fetchpriority=\"high\" decoding=\"async\" width=\"1024\" height=\"715\" src=\"https:\/\/www.lagalotiere.fr\/wp-content\/uploads\/2021\/02\/1963-1024x715.jpg\" class=\"attachment-large size-large wp-image-175\" alt=\"1963_photo_domaine\" srcset=\"https:\/\/www.lagalotiere.fr\/wp-content\/uploads\/2021\/02\/1963-1024x715.jpg 1024w, https:\/\/www.lagalotiere.fr\/wp-content\/uploads\/2021\/02\/1963-300x209.jpg 300w, https:\/\/www.lagalotiere.fr\/wp-content\/uploads\/2021\/02\/1963-600x419.jpg 600w, https:\/\/www.lagalotiere.fr\/wp-content\/uploads\/2021\/02\/1963-768x536.jpg 768w, https:\/\/www.lagalotiere.fr\/wp-content\/uploads\/2021\/02\/1963.jpg 1477w\" sizes=\"(max-width: 1024px) 100vw, 1024px\" \/>\t\t\t\t\t\t\t\t\t\t\t\t\t\t\t<\/div>\n\t\t\t\t<\/div>\n\t\t\t\t\t<\/div>\n\t\t<\/div>\n\t\t\t\t<div class=\"elementor-column elementor-col-50 elementor-top-column elementor-element elementor-element-55d85fd\" data-id=\"55d85fd\" data-element_type=\"column\" data-e-type=\"column\">\n\t\t\t<div class=\"elementor-widget-wrap elementor-element-populated\">\n\t\t\t\t\t\t<div class=\"elementor-element elementor-element-3b1901d elementor-widget elementor-widget-text-editor\" data-id=\"3b1901d\" data-element_type=\"widget\" data-e-type=\"widget\" data-widget_type=\"text-editor.default\">\n\t\t\t\t<div class=\"elementor-widget-container\">\n\t\t\t\t\t\t\t\t\t<h1 style=\"font-size: 2.66667rem; font-style: normal; font-weight: 600; margin-bottom: 0px; color: #000000; font-family: BluuNext-Titling, sans-serif;\" data-elementor-setting-key=\"title\" data-pen-placeholder=\"\u00c9crivez ici...\">1963<\/h1><p>\u00a0<\/p><div><p class=\"has-text-align-left\">Claude and Janine Olivier, whose families were both from the Domfront area, purchased La Galoti\u00e8re in 1963, intending to use the 27 hectare farm for cattle rearing.\u00a0<\/p><p class=\"has-text-align-left\">Having planted apple and pear trees on the estate, the couple decided at the end of the 1970s to strat to produce cider and calvados to sell at the farm shop.<\/p><p class=\"has-text-align-left\">Issu de famille originaires de la r\u00e9gion de Domfront, c\u2019est \u00e0 la fin des ann\u00e9es 70 que le couple d\u00e9cide de d\u00e9velopper la production de cidre fermier et de calvados. Afin de commencer la vente au domaine.<\/p><\/div><div>\u00a0<\/div>\t\t\t\t\t\t\t\t<\/div>\n\t\t\t\t<\/div>\n\t\t\t\t\t<\/div>\n\t\t<\/div>\n\t\t\t\t\t<\/div>\n\t\t<\/section>\n\t\t\t\t<section class=\"elementor-section elementor-top-section elementor-element elementor-element-8015456 elementor-section-boxed elementor-section-height-default elementor-section-height-default\" data-id=\"8015456\" data-element_type=\"section\" data-e-type=\"section\">\n\t\t\t\t\t\t<div class=\"elementor-container elementor-column-gap-default\">\n\t\t\t\t\t<div class=\"elementor-column elementor-col-50 elementor-top-column elementor-element elementor-element-030b402\" data-id=\"030b402\" data-element_type=\"column\" data-e-type=\"column\">\n\t\t\t<div class=\"elementor-widget-wrap elementor-element-populated\">\n\t\t\t\t\t\t<div class=\"elementor-element elementor-element-e5c69fa elementor-widget elementor-widget-text-editor\" data-id=\"e5c69fa\" data-element_type=\"widget\" data-e-type=\"widget\" data-widget_type=\"text-editor.default\">\n\t\t\t\t<div class=\"elementor-widget-container\">\n\t\t\t\t\t\t\t\t\t<h1 style=\"font-size: 2.66667rem; font-style: normal; font-weight: 600; margin-bottom: 0px; color: #000000; font-family: BluuNext-Titling, sans-serif;\" data-elementor-setting-key=\"title\" data-pen-placeholder=\"\u00c9crivez ici...\">1980<\/h1><div>\u00a0<\/div><p class=\"has-text-align-left\">In the 1980s, the family\u2019s eldest son, Jean-Luc, liked to help picking the apples and developed a love of the cider-making process.\u00a0<\/p><p class=\"has-text-align-left\">Jean-Luc d\u00e9cide de reprendre la ferme mais il n\u2019appr\u00e9cie pas beaucoup l\u2019\u00e9levage bovin. Il d\u00e9cide donc, avec son p\u00e8re de d\u00e9velopper la production de cidre et de calvados.<\/p><p class=\"has-text-align-left\">A partir de 1987, Claude et son fils, plantent 2 400 pommiers hautes tiges. Ainsi que 2 hectares de pommiers et poiriers basses tiges.<\/p><p class=\"has-text-align-left\">\u00a0<\/p>\t\t\t\t\t\t\t\t<\/div>\n\t\t\t\t<\/div>\n\t\t\t\t\t<\/div>\n\t\t<\/div>\n\t\t\t\t<div class=\"elementor-column elementor-col-50 elementor-top-column elementor-element elementor-element-b88b987\" data-id=\"b88b987\" data-element_type=\"column\" data-e-type=\"column\">\n\t\t\t<div class=\"elementor-widget-wrap elementor-element-populated\">\n\t\t\t\t\t\t<div class=\"elementor-element elementor-element-f1ba489 elementor-widget elementor-widget-image\" data-id=\"f1ba489\" data-element_type=\"widget\" data-e-type=\"widget\" data-widget_type=\"image.default\">\n\t\t\t\t<div class=\"elementor-widget-container\">\n\t\t\t\t\t\t\t\t\t\t\t\t\t\t\t<img decoding=\"async\" width=\"1024\" height=\"681\" src=\"https:\/\/www.lagalotiere.fr\/wp-content\/uploads\/2021\/02\/photo_a-1024x681.jpg\" class=\"attachment-large size-large wp-image-173\" alt=\"Claude_Olivier\" srcset=\"https:\/\/www.lagalotiere.fr\/wp-content\/uploads\/2021\/02\/photo_a-1024x681.jpg 1024w, https:\/\/www.lagalotiere.fr\/wp-content\/uploads\/2021\/02\/photo_a-300x200.jpg 300w, https:\/\/www.lagalotiere.fr\/wp-content\/uploads\/2021\/02\/photo_a-600x399.jpg 600w, https:\/\/www.lagalotiere.fr\/wp-content\/uploads\/2021\/02\/photo_a-768x511.jpg 768w, https:\/\/www.lagalotiere.fr\/wp-content\/uploads\/2021\/02\/photo_a-1536x1022.jpg 1536w, https:\/\/www.lagalotiere.fr\/wp-content\/uploads\/2021\/02\/photo_a-2048x1363.jpg 2048w\" sizes=\"(max-width: 1024px) 100vw, 1024px\" \/>\t\t\t\t\t\t\t\t\t\t\t\t\t\t\t<\/div>\n\t\t\t\t<\/div>\n\t\t\t\t\t<\/div>\n\t\t<\/div>\n\t\t\t\t\t<\/div>\n\t\t<\/section>\n\t\t\t\t<section class=\"elementor-section elementor-top-section elementor-element elementor-element-dbf96fa elementor-section-boxed elementor-section-height-default elementor-section-height-default\" data-id=\"dbf96fa\" data-element_type=\"section\" data-e-type=\"section\">\n\t\t\t\t\t\t<div class=\"elementor-container elementor-column-gap-default\">\n\t\t\t\t\t<div class=\"elementor-column elementor-col-50 elementor-top-column elementor-element elementor-element-6f89c39\" data-id=\"6f89c39\" data-element_type=\"column\" data-e-type=\"column\">\n\t\t\t<div class=\"elementor-widget-wrap elementor-element-populated\">\n\t\t\t\t\t\t<div class=\"elementor-element elementor-element-a5442bc elementor-widget elementor-widget-image\" data-id=\"a5442bc\" data-element_type=\"widget\" data-e-type=\"widget\" data-widget_type=\"image.default\">\n\t\t\t\t<div class=\"elementor-widget-container\">\n\t\t\t\t\t\t\t\t\t\t\t\t\t\t\t<img decoding=\"async\" width=\"688\" height=\"1024\" src=\"https:\/\/www.lagalotiere.fr\/wp-content\/uploads\/2021\/02\/photo_famille-688x1024.jpg\" class=\"attachment-large size-large wp-image-174\" alt=\"photo_famille\" srcset=\"https:\/\/www.lagalotiere.fr\/wp-content\/uploads\/2021\/02\/photo_famille-688x1024.jpg 688w, https:\/\/www.lagalotiere.fr\/wp-content\/uploads\/2021\/02\/photo_famille-300x446.jpg 300w, https:\/\/www.lagalotiere.fr\/wp-content\/uploads\/2021\/02\/photo_famille-600x893.jpg 600w, https:\/\/www.lagalotiere.fr\/wp-content\/uploads\/2021\/02\/photo_famille-202x300.jpg 202w, https:\/\/www.lagalotiere.fr\/wp-content\/uploads\/2021\/02\/photo_famille-768x1143.jpg 768w, https:\/\/www.lagalotiere.fr\/wp-content\/uploads\/2021\/02\/photo_famille-1032x1536.jpg 1032w, https:\/\/www.lagalotiere.fr\/wp-content\/uploads\/2021\/02\/photo_famille.jpg 1186w\" sizes=\"(max-width: 688px) 100vw, 688px\" \/>\t\t\t\t\t\t\t\t\t\t\t\t\t\t\t<\/div>\n\t\t\t\t<\/div>\n\t\t\t\t\t<\/div>\n\t\t<\/div>\n\t\t\t\t<div class=\"elementor-column elementor-col-50 elementor-top-column elementor-element elementor-element-17f7a34\" data-id=\"17f7a34\" data-element_type=\"column\" data-e-type=\"column\">\n\t\t\t<div class=\"elementor-widget-wrap elementor-element-populated\">\n\t\t\t\t\t\t<div class=\"elementor-element elementor-element-1b7008c elementor-widget elementor-widget-text-editor\" data-id=\"1b7008c\" data-element_type=\"widget\" data-e-type=\"widget\" data-widget_type=\"text-editor.default\">\n\t\t\t\t<div class=\"elementor-widget-container\">\n\t\t\t\t\t\t\t\t\t<h1 style=\"font-size: 2.66667rem; font-style: normal; font-weight: 600; margin-bottom: 0px; color: #000000; font-family: BluuNext-Titling, sans-serif;\" data-elementor-setting-key=\"title\" data-pen-placeholder=\"\u00c9crivez ici...\">1991<\/h1><div><br><\/div>\n<p>By the age of 24, Jean-Luc Olivier was producing cider, calvados, perry and apple juice.<\/p>\n<p>He was joined a few years later by his wife, Nathalie, who became involved in the farm shop sales.<\/p>\n<p>The Olivier family\u2019s estate became one of the most renowned in the Pays-d\u2019Auge and in Normandy, thanks to their passion and level of expertise.<\/p>\n<div>&nbsp;<\/div>\n<div>&nbsp;<\/div>\t\t\t\t\t\t\t\t<\/div>\n\t\t\t\t<\/div>\n\t\t\t\t\t<\/div>\n\t\t<\/div>\n\t\t\t\t\t<\/div>\n\t\t<\/section>\n\t\t\t\t<section class=\"elementor-section elementor-top-section elementor-element elementor-element-9ca5b9e elementor-section-boxed elementor-section-height-default elementor-section-height-default\" data-id=\"9ca5b9e\" data-element_type=\"section\" data-e-type=\"section\">\n\t\t\t\t\t\t<div class=\"elementor-container elementor-column-gap-default\">\n\t\t\t\t\t<div class=\"elementor-column elementor-col-50 elementor-top-column elementor-element elementor-element-0e3fe14\" data-id=\"0e3fe14\" data-element_type=\"column\" data-e-type=\"column\">\n\t\t\t<div class=\"elementor-widget-wrap elementor-element-populated\">\n\t\t\t\t\t\t<div class=\"elementor-element elementor-element-f090fd1 elementor-widget elementor-widget-text-editor\" data-id=\"f090fd1\" data-element_type=\"widget\" data-e-type=\"widget\" data-widget_type=\"text-editor.default\">\n\t\t\t\t<div class=\"elementor-widget-container\">\n\t\t\t\t\t\t\t\t\t<h1 style=\"font-size: 2.66667rem; font-style: normal; font-weight: 600; margin-bottom: 0px; color: #000000; font-family: BluuNext-Titling, sans-serif;\" data-elementor-setting-key=\"title\" data-pen-placeholder=\"\u00c9crivez ici...\">Today<\/h1>\n<p><\/p>\n<p>The estate covers an area of 45 hectares of orchards : 43 hectares of apple trees and 2 hectares of pear trees. With 50 varieties of Normandy and Pays-d\u2019Auge apples and 10 varieties of pears, the farm produces between 150 and 300 tonnes of fruit per year, all of which is converted on -site into La Galoti\u00e8re\u2019s range of products.&nbsp;<\/p>\n<p>Today the business in run by Jean-Luc and Nathalie Olivier, with the help of their 4 employees.&nbsp;<\/p>\n<p>Le Domaine de la Galoti\u00e8re est l\u2019un des seuls domaines \u00e0 pouvoir proposer des calvados biologiques vieux de plus de dix ans car il est certifi\u00e9 agriculture biologique depuis l\u2019an 2000.&nbsp;<\/p>\n<p>Il est \u00e9galement sp\u00e9cialis\u00e9 dans les cidres et poir\u00e9s haut de gamme, comme la cuv\u00e9e Prestige mill\u00e9sim\u00e9e. Mais aussi la cuv\u00e9e Elixcidre \u00e9labor\u00e9e comme un vin en m\u00e9thode traditionnelle.&nbsp;<\/p>\t\t\t\t\t\t\t\t<\/div>\n\t\t\t\t<\/div>\n\t\t\t\t\t<\/div>\n\t\t<\/div>\n\t\t\t\t<div class=\"elementor-column elementor-col-50 elementor-top-column elementor-element elementor-element-75a42bc\" data-id=\"75a42bc\" data-element_type=\"column\" data-e-type=\"column\">\n\t\t\t<div class=\"elementor-widget-wrap elementor-element-populated\">\n\t\t\t\t\t\t<div class=\"elementor-element elementor-element-c9cafc6 elementor-widget elementor-widget-image\" data-id=\"c9cafc6\" data-element_type=\"widget\" data-e-type=\"widget\" data-widget_type=\"image.default\">\n\t\t\t\t<div class=\"elementor-widget-container\">\n\t\t\t\t\t\t\t\t\t\t\t\t\t\t\t<img loading=\"lazy\" decoding=\"async\" width=\"683\" height=\"1024\" src=\"https:\/\/www.lagalotiere.fr\/wp-content\/uploads\/2021\/02\/galotiere.418-683x1024.jpg\" class=\"attachment-large size-large wp-image-176\" alt=\"Le_Domaine_Aujourdhui\" srcset=\"https:\/\/www.lagalotiere.fr\/wp-content\/uploads\/2021\/02\/galotiere.418-683x1024.jpg 683w, https:\/\/www.lagalotiere.fr\/wp-content\/uploads\/2021\/02\/galotiere.418-300x450.jpg 300w, https:\/\/www.lagalotiere.fr\/wp-content\/uploads\/2021\/02\/galotiere.418-600x900.jpg 600w, https:\/\/www.lagalotiere.fr\/wp-content\/uploads\/2021\/02\/galotiere.418-200x300.jpg 200w, https:\/\/www.lagalotiere.fr\/wp-content\/uploads\/2021\/02\/galotiere.418-768x1152.jpg 768w, https:\/\/www.lagalotiere.fr\/wp-content\/uploads\/2021\/02\/galotiere.418-1024x1536.jpg 1024w, https:\/\/www.lagalotiere.fr\/wp-content\/uploads\/2021\/02\/galotiere.418.jpg 1200w\" sizes=\"(max-width: 683px) 100vw, 683px\" \/>\t\t\t\t\t\t\t\t\t\t\t\t\t\t\t<\/div>\n\t\t\t\t<\/div>\n\t\t\t\t\t<\/div>\n\t\t<\/div>\n\t\t\t\t\t<\/div>\n\t\t<\/section>\n\t\t\t\t<\/div>","protected":false},"excerpt":{"rendered":"<p>Le Domaine 1963 \u00a0 En 1963, Claude et Janine Olivier ach\u00e8tent La Galoti\u00e8re. Cette ferme de 27 hectares est alors destin\u00e9e \u00e0 l\u2019\u00e9levage bovins.\u00a0 Ces plantations de pommiers et de poiriers hautes tiges pr\u00e9destinaient d\u00e9j\u00e0 le domaine \u00e0 la production cidricole. Issu de famille originaires de la r\u00e9gion de Domfront, c\u2019est \u00e0 la fin des [&hellip;]<\/p>\n","protected":false},"author":1,"featured_media":0,"parent":0,"menu_order":0,"comment_status":"closed","ping_status":"closed","template":"","meta":{"site-sidebar-layout":"no-sidebar","site-content-layout":"page-builder","ast-site-content-layout":"default","site-content-style":"default","site-sidebar-style":"default","ast-global-header-display":"","ast-banner-title-visibility":"","ast-main-header-display":"","ast-hfb-above-header-display":"","ast-hfb-below-header-display":"","ast-hfb-mobile-header-display":"","site-post-title":"disabled","ast-breadcrumbs-content":"","ast-featured-img":"disabled","footer-sml-layout":"","ast-disable-related-posts":"","theme-transparent-header-meta":"default","adv-header-id-meta":"","stick-header-meta":"","header-above-stick-meta":"","header-main-stick-meta":"","header-below-stick-meta":"","astra-migrate-meta-layouts":"default","ast-page-background-enabled":"default","ast-page-background-meta":{"desktop":{"background-color":"","background-image":"","background-repeat":"repeat","background-position":"center center","background-size":"auto","background-attachment":"scroll","background-type":"","background-media":"","overlay-type":"","overlay-color":"","overlay-opacity":"","overlay-gradient":""},"tablet":{"background-color":"","background-image":"","background-repeat":"repeat","background-position":"center center","background-size":"auto","background-attachment":"scroll","background-type":"","background-media":"","overlay-type":"","overlay-color":"","overlay-opacity":"","overlay-gradient":""},"mobile":{"background-color":"","background-image":"","background-repeat":"repeat","background-position":"center center","background-size":"auto","background-attachment":"scroll","background-type":"","background-media":"","overlay-type":"","overlay-color":"","overlay-opacity":"","overlay-gradient":""}},"ast-content-background-meta":{"desktop":{"background-color":"var(--ast-global-color-5)","background-image":"","background-repeat":"repeat","background-position":"center center","background-size":"auto","background-attachment":"scroll","background-type":"","background-media":"","overlay-type":"","overlay-color":"","overlay-opacity":"","overlay-gradient":""},"tablet":{"background-color":"var(--ast-global-color-5)","background-image":"","background-repeat":"repeat","background-position":"center center","background-size":"auto","background-attachment":"scroll","background-type":"","background-media":"","overlay-type":"","overlay-color":"","overlay-opacity":"","overlay-gradient":""},"mobile":{"background-color":"var(--ast-global-color-5)","background-image":"","background-repeat":"repeat","background-position":"center center","background-size":"auto","background-attachment":"scroll","background-type":"","background-media":"","overlay-type":"","overlay-color":"","overlay-opacity":"","overlay-gradient":""}},"footnotes":""},"class_list":["post-169","page","type-page","status-publish","hentry"],"_links":{"self":[{"href":"https:\/\/www.lagalotiere.fr\/en\/wp-json\/wp\/v2\/pages\/169","targetHints":{"allow":["GET"]}}],"collection":[{"href":"https:\/\/www.lagalotiere.fr\/en\/wp-json\/wp\/v2\/pages"}],"about":[{"href":"https:\/\/www.lagalotiere.fr\/en\/wp-json\/wp\/v2\/types\/page"}],"author":[{"embeddable":true,"href":"https:\/\/www.lagalotiere.fr\/en\/wp-json\/wp\/v2\/users\/1"}],"replies":[{"embeddable":true,"href":"https:\/\/www.lagalotiere.fr\/en\/wp-json\/wp\/v2\/comments?post=169"}],"version-history":[{"count":3,"href":"https:\/\/www.lagalotiere.fr\/en\/wp-json\/wp\/v2\/pages\/169\/revisions"}],"predecessor-version":[{"id":1245,"href":"https:\/\/www.lagalotiere.fr\/en\/wp-json\/wp\/v2\/pages\/169\/revisions\/1245"}],"wp:attachment":[{"href":"https:\/\/www.lagalotiere.fr\/en\/wp-json\/wp\/v2\/media?parent=169"}],"curies":[{"name":"wp","href":"https:\/\/api.w.org\/{rel}","templated":true}]}}