{"id":274,"date":"2021-02-17T18:20:17","date_gmt":"2021-02-17T18:20:17","guid":{"rendered":"http:\/\/lagalotiere.local\/?page_id=274"},"modified":"2025-06-30T13:11:11","modified_gmt":"2025-06-30T13:11:11","slug":"actualites","status":"publish","type":"page","link":"https:\/\/www.lagalotiere.fr\/en\/actualites\/","title":{"rendered":"Animations"},"content":{"rendered":"<div data-elementor-type=\"wp-page\" data-elementor-id=\"274\" class=\"elementor elementor-274\">\n\t\t\t\t\t\t<section class=\"elementor-section elementor-top-section elementor-element elementor-element-7715f35 elementor-section-boxed elementor-section-height-default elementor-section-height-default\" data-id=\"7715f35\" data-element_type=\"section\" data-e-type=\"section\">\n\t\t\t\t\t\t<div class=\"elementor-container elementor-column-gap-default\">\n\t\t\t\t\t<div class=\"elementor-column elementor-col-25 elementor-top-column elementor-element elementor-element-8d4faa6\" data-id=\"8d4faa6\" data-element_type=\"column\" data-e-type=\"column\">\n\t\t\t<div class=\"elementor-widget-wrap elementor-element-populated\">\n\t\t\t\t\t\t<div class=\"elementor-element elementor-element-6120571 elementor-widget elementor-widget-image\" data-id=\"6120571\" data-element_type=\"widget\" data-e-type=\"widget\" data-widget_type=\"image.default\">\n\t\t\t\t<div class=\"elementor-widget-container\">\n\t\t\t\t\t\t\t\t\t\t\t\t\t\t\t<img fetchpriority=\"high\" decoding=\"async\" width=\"1024\" height=\"1021\" src=\"https:\/\/www.lagalotiere.fr\/wp-content\/uploads\/2024\/06\/balade-1024x1021.jpg\" class=\"attachment-large size-large wp-image-1402\" alt=\"\" srcset=\"https:\/\/www.lagalotiere.fr\/wp-content\/uploads\/2024\/06\/balade-1024x1021.jpg 1024w, https:\/\/www.lagalotiere.fr\/wp-content\/uploads\/2024\/06\/balade-300x299.jpg 300w, https:\/\/www.lagalotiere.fr\/wp-content\/uploads\/2024\/06\/balade-150x150.jpg 150w, https:\/\/www.lagalotiere.fr\/wp-content\/uploads\/2024\/06\/balade-768x765.jpg 768w, https:\/\/www.lagalotiere.fr\/wp-content\/uploads\/2024\/06\/balade-12x12.jpg 12w, https:\/\/www.lagalotiere.fr\/wp-content\/uploads\/2024\/06\/balade-600x598.jpg 600w, https:\/\/www.lagalotiere.fr\/wp-content\/uploads\/2024\/06\/balade-100x100.jpg 100w, https:\/\/www.lagalotiere.fr\/wp-content\/uploads\/2024\/06\/balade.jpg 1183w\" sizes=\"(max-width: 1024px) 100vw, 1024px\" \/>\t\t\t\t\t\t\t\t\t\t\t\t\t\t\t<\/div>\n\t\t\t\t<\/div>\n\t\t\t\t<div class=\"elementor-element elementor-element-18424f7 elementor-widget elementor-widget-accordion\" data-id=\"18424f7\" data-element_type=\"widget\" data-e-type=\"widget\" data-widget_type=\"accordion.default\">\n\t\t\t\t<div class=\"elementor-widget-container\">\n\t\t\t\t\t\t\t<div class=\"elementor-accordion\">\n\t\t\t\t\t\t\t<div class=\"elementor-accordion-item\">\n\t\t\t\t\t<div id=\"elementor-tab-title-2541\" class=\"elementor-tab-title\" data-tab=\"1\" role=\"button\" aria-controls=\"elementor-tab-content-2541\" aria-expanded=\"false\">\n\t\t\t\t\t\t\t\t\t\t\t\t\t<span class=\"elementor-accordion-icon elementor-accordion-icon-left\" aria-hidden=\"true\">\n\t\t\t\t\t\t\t\t\t\t\t\t\t\t\t<span class=\"elementor-accordion-icon-closed\"><i class=\"fas fa-plus\"><\/i><\/span>\n\t\t\t\t\t\t\t\t<span class=\"elementor-accordion-icon-opened\"><i class=\"fas fa-minus\"><\/i><\/span>\n\t\t\t\t\t\t\t\t\t\t\t\t\t\t<\/span>\n\t\t\t\t\t\t\t\t\t\t\t\t<a class=\"elementor-accordion-title\" tabindex=\"0\">Balade libre des vergers<\/a>\n\t\t\t\t\t<\/div>\n\t\t\t\t\t<div id=\"elementor-tab-content-2541\" class=\"elementor-tab-content elementor-clearfix\" data-tab=\"1\" role=\"region\" aria-labelledby=\"elementor-tab-title-2541\"><p>Baladez vous librement dans nos vergers, afin de d\u00e9couvrir la diff\u00e9rence entre des pommiers basse et haute-tige, l&rsquo;importance de la pollinisation, de la taile,&#8230;<\/p>\n<p>Balade libre sans r\u00e9servation de Mai \u00e0 Septembre<\/p><\/div>\n\t\t\t\t<\/div>\n\t\t\t\t\t\t\t\t<\/div>\n\t\t\t\t\t\t<\/div>\n\t\t\t\t<\/div>\n\t\t\t\t<div class=\"elementor-element elementor-element-e7dcd28 elementor-widget elementor-widget-image\" data-id=\"e7dcd28\" data-element_type=\"widget\" data-e-type=\"widget\" data-widget_type=\"image.default\">\n\t\t\t\t<div class=\"elementor-widget-container\">\n\t\t\t\t\t\t\t\t\t\t\t\t\t\t\t<img decoding=\"async\" width=\"1024\" height=\"576\" src=\"https:\/\/www.lagalotiere.fr\/wp-content\/uploads\/2023\/07\/verger-en-tracteur-1024x576.jpg\" class=\"attachment-large size-large wp-image-1287\" alt=\"visite des vergers en tracteur\" srcset=\"https:\/\/www.lagalotiere.fr\/wp-content\/uploads\/2023\/07\/verger-en-tracteur-1024x576.jpg 1024w, https:\/\/www.lagalotiere.fr\/wp-content\/uploads\/2023\/07\/verger-en-tracteur-300x169.jpg 300w, https:\/\/www.lagalotiere.fr\/wp-content\/uploads\/2023\/07\/verger-en-tracteur-768x432.jpg 768w, https:\/\/www.lagalotiere.fr\/wp-content\/uploads\/2023\/07\/verger-en-tracteur-1536x864.jpg 1536w, https:\/\/www.lagalotiere.fr\/wp-content\/uploads\/2023\/07\/verger-en-tracteur-18x10.jpg 18w, https:\/\/www.lagalotiere.fr\/wp-content\/uploads\/2023\/07\/verger-en-tracteur-600x338.jpg 600w, https:\/\/www.lagalotiere.fr\/wp-content\/uploads\/2023\/07\/verger-en-tracteur.jpg 1600w\" sizes=\"(max-width: 1024px) 100vw, 1024px\" \/>\t\t\t\t\t\t\t\t\t\t\t\t\t\t\t<\/div>\n\t\t\t\t<\/div>\n\t\t\t\t<div class=\"elementor-element elementor-element-3b776f3 elementor-widget elementor-widget-accordion\" data-id=\"3b776f3\" data-element_type=\"widget\" data-e-type=\"widget\" data-widget_type=\"accordion.default\">\n\t\t\t\t<div class=\"elementor-widget-container\">\n\t\t\t\t\t\t\t<div class=\"elementor-accordion\">\n\t\t\t\t\t\t\t<div class=\"elementor-accordion-item\">\n\t\t\t\t\t<div id=\"elementor-tab-title-6231\" class=\"elementor-tab-title\" data-tab=\"1\" role=\"button\" aria-controls=\"elementor-tab-content-6231\" aria-expanded=\"false\">\n\t\t\t\t\t\t\t\t\t\t\t\t\t<span class=\"elementor-accordion-icon elementor-accordion-icon-left\" aria-hidden=\"true\">\n\t\t\t\t\t\t\t\t\t\t\t\t\t\t\t<span class=\"elementor-accordion-icon-closed\"><i class=\"fas fa-plus\"><\/i><\/span>\n\t\t\t\t\t\t\t\t<span class=\"elementor-accordion-icon-opened\"><i class=\"fas fa-minus\"><\/i><\/span>\n\t\t\t\t\t\t\t\t\t\t\t\t\t\t<\/span>\n\t\t\t\t\t\t\t\t\t\t\t\t<a class=\"elementor-accordion-title\" tabindex=\"0\">Balade des vergers en tracteur<\/a>\n\t\t\t\t\t<\/div>\n\t\t\t\t\t<div id=\"elementor-tab-content-6231\" class=\"elementor-tab-content elementor-clearfix\" data-tab=\"1\" role=\"region\" aria-labelledby=\"elementor-tab-title-6231\"><section class=\"elementor-section elementor-top-section elementor-element elementor-element-1910f19 elementor-section-boxed elementor-section-height-default elementor-section-height-default\" data-id=\"1910f19\" data-element_type=\"section\"><div class=\"elementor-container elementor-column-gap-default\"><div class=\"elementor-column elementor-col-100 elementor-top-column elementor-element elementor-element-0d05494\" data-id=\"0d05494\" data-element_type=\"column\"><div class=\"elementor-widget-wrap elementor-element-populated\"><div class=\"elementor-element elementor-element-cdcf7ca elementor-widget elementor-widget-heading\" data-id=\"cdcf7ca\" data-element_type=\"widget\" data-widget_type=\"heading.default\"><div class=\"elementor-widget-container\"><h4 class=\"elementor-heading-title elementor-size-default\"><span style=\"font-size: 16px;\">chaque lundi apr\u00e8s-midi de Juillet et Ao\u00fbt, \u00e0 15h\u00a0\u00a0<\/span><\/h4><h4 class=\"elementor-heading-title elementor-size-default\"><span style=\"font-size: 16px;\">On vous propose une visite des vergers en tracteur, suivi d&rsquo;un gouter cr\u00eape-boisson.<\/span><\/h4><div><span style=\"font-size: 16px;\">\u00a0<\/span><\/div><div><span style=\"font-size: 16px;\">6\u20ac par personne<\/span><\/div><div><span style=\"font-size: 16px;\">adapt\u00e9 aux petits et aux grands!<\/span><\/div><div><span style=\"font-size: 16px;\">\u00a0<\/span><\/div><\/div><\/div><\/div><\/div><\/div><\/section><section class=\"elementor-section elementor-top-section elementor-element elementor-element-ecc3a7f elementor-section-boxed elementor-section-height-default elementor-section-height-default\" data-id=\"ecc3a7f\" data-element_type=\"section\"><div class=\"elementor-container elementor-column-gap-default\"><div class=\"elementor-column elementor-col-33 elementor-top-column elementor-element elementor-element-de85b2f\" data-id=\"de85b2f\" data-element_type=\"column\"><div class=\"elementor-widget-wrap elementor-element-populated\"><div class=\"elementor-element elementor-element-0dbfe3e elementor-widget__width-initial elementor-widget elementor-widget-text-editor\" data-id=\"0dbfe3e\" data-element_type=\"widget\" data-widget_type=\"text-editor.default\"><div class=\"elementor-widget-container\">\u00a0<\/div><\/div><\/div><\/div><\/div><\/section><\/div>\n\t\t\t\t<\/div>\n\t\t\t\t\t\t\t\t<\/div>\n\t\t\t\t\t\t<\/div>\n\t\t\t\t<\/div>\n\t\t\t\t\t<\/div>\n\t\t<\/div>\n\t\t\t\t<div class=\"elementor-column elementor-col-25 elementor-top-column elementor-element elementor-element-6c1dc14\" data-id=\"6c1dc14\" data-element_type=\"column\" data-e-type=\"column\">\n\t\t\t<div class=\"elementor-widget-wrap elementor-element-populated\">\n\t\t\t\t\t\t<div class=\"elementor-element elementor-element-d867844 elementor-widget elementor-widget-image\" data-id=\"d867844\" data-element_type=\"widget\" data-e-type=\"widget\" data-widget_type=\"image.default\">\n\t\t\t\t<div class=\"elementor-widget-container\">\n\t\t\t\t\t\t\t\t\t\t\t\t\t\t\t<img decoding=\"async\" width=\"870\" height=\"1024\" src=\"https:\/\/www.lagalotiere.fr\/wp-content\/uploads\/2025\/06\/IMG_7161-870x1024.jpg\" class=\"attachment-large size-large wp-image-1566\" alt=\"\" srcset=\"https:\/\/www.lagalotiere.fr\/wp-content\/uploads\/2025\/06\/IMG_7161-870x1024.jpg 870w, https:\/\/www.lagalotiere.fr\/wp-content\/uploads\/2025\/06\/IMG_7161-255x300.jpg 255w, https:\/\/www.lagalotiere.fr\/wp-content\/uploads\/2025\/06\/IMG_7161-768x904.jpg 768w, https:\/\/www.lagalotiere.fr\/wp-content\/uploads\/2025\/06\/IMG_7161-10x12.jpg 10w, https:\/\/www.lagalotiere.fr\/wp-content\/uploads\/2025\/06\/IMG_7161-300x353.jpg 300w, https:\/\/www.lagalotiere.fr\/wp-content\/uploads\/2025\/06\/IMG_7161-600x706.jpg 600w, https:\/\/www.lagalotiere.fr\/wp-content\/uploads\/2025\/06\/IMG_7161.jpg 1107w\" sizes=\"(max-width: 870px) 100vw, 870px\" \/>\t\t\t\t\t\t\t\t\t\t\t\t\t\t\t<\/div>\n\t\t\t\t<\/div>\n\t\t\t\t<div class=\"elementor-element elementor-element-76e48a3 elementor-widget elementor-widget-accordion\" data-id=\"76e48a3\" data-element_type=\"widget\" data-e-type=\"widget\" data-widget_type=\"accordion.default\">\n\t\t\t\t<div class=\"elementor-widget-container\">\n\t\t\t\t\t\t\t<div class=\"elementor-accordion\">\n\t\t\t\t\t\t\t<div class=\"elementor-accordion-item\">\n\t\t\t\t\t<div id=\"elementor-tab-title-1241\" class=\"elementor-tab-title\" data-tab=\"1\" role=\"button\" aria-controls=\"elementor-tab-content-1241\" aria-expanded=\"false\">\n\t\t\t\t\t\t\t\t\t\t\t\t\t<span class=\"elementor-accordion-icon elementor-accordion-icon-left\" aria-hidden=\"true\">\n\t\t\t\t\t\t\t\t\t\t\t\t\t\t\t<span class=\"elementor-accordion-icon-closed\"><i class=\"fas fa-plus\"><\/i><\/span>\n\t\t\t\t\t\t\t\t<span class=\"elementor-accordion-icon-opened\"><i class=\"fas fa-minus\"><\/i><\/span>\n\t\t\t\t\t\t\t\t\t\t\t\t\t\t<\/span>\n\t\t\t\t\t\t\t\t\t\t\t\t<a class=\"elementor-accordion-title\" tabindex=\"0\">Soir\u00e9e cocktails<\/a>\n\t\t\t\t\t<\/div>\n\t\t\t\t\t<div id=\"elementor-tab-content-1241\" class=\"elementor-tab-content elementor-clearfix\" data-tab=\"1\" role=\"region\" aria-labelledby=\"elementor-tab-title-1241\"><p>Venez d\u00e9couvrir \u00e0 la Galoti\u00e8re, une s\u00e9l\u00e9ction de 10 cocktails avec et sans alcool.<\/p>\n<p>Foodtruck et concert musical<\/p><p><br><\/p><p>seconde \u00e9dition \u00e0 venir le 15 Ao\u00fbt<\/p><\/div>\n\t\t\t\t<\/div>\n\t\t\t\t\t\t\t\t<\/div>\n\t\t\t\t\t\t<\/div>\n\t\t\t\t<\/div>\n\t\t\t\t\t<\/div>\n\t\t<\/div>\n\t\t\t\t<div class=\"elementor-column elementor-col-25 elementor-top-column elementor-element elementor-element-dc2a6f5\" data-id=\"dc2a6f5\" data-element_type=\"column\" data-e-type=\"column\">\n\t\t\t<div class=\"elementor-widget-wrap elementor-element-populated\">\n\t\t\t\t\t\t<div class=\"elementor-element elementor-element-414d95a elementor-widget elementor-widget-image\" data-id=\"414d95a\" data-element_type=\"widget\" data-e-type=\"widget\" data-widget_type=\"image.default\">\n\t\t\t\t<div class=\"elementor-widget-container\">\n\t\t\t\t\t\t\t\t\t\t\t\t\t\t\t<img loading=\"lazy\" decoding=\"async\" width=\"768\" height=\"1024\" src=\"https:\/\/www.lagalotiere.fr\/wp-content\/uploads\/2024\/06\/bar-a-cidre-768x1024.jpg\" class=\"attachment-large size-large wp-image-1399\" alt=\"\" srcset=\"https:\/\/www.lagalotiere.fr\/wp-content\/uploads\/2024\/06\/bar-a-cidre-768x1024.jpg 768w, https:\/\/www.lagalotiere.fr\/wp-content\/uploads\/2024\/06\/bar-a-cidre-225x300.jpg 225w, https:\/\/www.lagalotiere.fr\/wp-content\/uploads\/2024\/06\/bar-a-cidre-1152x1536.jpg 1152w, https:\/\/www.lagalotiere.fr\/wp-content\/uploads\/2024\/06\/bar-a-cidre-9x12.jpg 9w, https:\/\/www.lagalotiere.fr\/wp-content\/uploads\/2024\/06\/bar-a-cidre-300x400.jpg 300w, https:\/\/www.lagalotiere.fr\/wp-content\/uploads\/2024\/06\/bar-a-cidre-600x800.jpg 600w, https:\/\/www.lagalotiere.fr\/wp-content\/uploads\/2024\/06\/bar-a-cidre.jpg 1200w\" sizes=\"(max-width: 768px) 100vw, 768px\" \/>\t\t\t\t\t\t\t\t\t\t\t\t\t\t\t<\/div>\n\t\t\t\t<\/div>\n\t\t\t\t<div class=\"elementor-element elementor-element-dfe39f0 elementor-widget elementor-widget-accordion\" data-id=\"dfe39f0\" data-element_type=\"widget\" data-e-type=\"widget\" data-widget_type=\"accordion.default\">\n\t\t\t\t<div class=\"elementor-widget-container\">\n\t\t\t\t\t\t\t<div class=\"elementor-accordion\">\n\t\t\t\t\t\t\t<div class=\"elementor-accordion-item\">\n\t\t\t\t\t<div id=\"elementor-tab-title-2341\" class=\"elementor-tab-title\" data-tab=\"1\" role=\"button\" aria-controls=\"elementor-tab-content-2341\" aria-expanded=\"false\">\n\t\t\t\t\t\t\t\t\t\t\t\t\t<span class=\"elementor-accordion-icon elementor-accordion-icon-left\" aria-hidden=\"true\">\n\t\t\t\t\t\t\t\t\t\t\t\t\t\t\t<span class=\"elementor-accordion-icon-closed\"><i class=\"fas fa-plus\"><\/i><\/span>\n\t\t\t\t\t\t\t\t<span class=\"elementor-accordion-icon-opened\"><i class=\"fas fa-minus\"><\/i><\/span>\n\t\t\t\t\t\t\t\t\t\t\t\t\t\t<\/span>\n\t\t\t\t\t\t\t\t\t\t\t\t<a class=\"elementor-accordion-title\" tabindex=\"0\">Le bar \u00e0 sydre<\/a>\n\t\t\t\t\t<\/div>\n\t\t\t\t\t<div id=\"elementor-tab-content-2341\" class=\"elementor-tab-content elementor-clearfix\" data-tab=\"1\" role=\"region\" aria-labelledby=\"elementor-tab-title-2341\"><p>Le bar \u00e0 sydre, c\u2019est notre petit espace d\u00e9tente \u00e0 la Galotiere<\/p><p>Craft Cider and Peary.<\/p><p>Apple and pear juices<\/p><p>Sparkling apple juice<\/p><p>Tout ce qu\u2019il faut pour se d\u00e9salt\u00e8rer apres une petite balade dans les vergers o\u00f9 un passage \u00e0 la boutique.<\/p><p>Ouverture de mai \u00e0 septembre<\/p><\/div>\n\t\t\t\t<\/div>\n\t\t\t\t\t\t\t\t<\/div>\n\t\t\t\t\t\t<\/div>\n\t\t\t\t<\/div>\n\t\t\t\t\t<\/div>\n\t\t<\/div>\n\t\t\t\t<div class=\"elementor-column elementor-col-25 elementor-top-column elementor-element elementor-element-3793f2a\" data-id=\"3793f2a\" data-element_type=\"column\" data-e-type=\"column\">\n\t\t\t<div class=\"elementor-widget-wrap elementor-element-populated\">\n\t\t\t\t\t\t<div class=\"elementor-element elementor-element-8dabb4e elementor-widget elementor-widget-image\" data-id=\"8dabb4e\" data-element_type=\"widget\" data-e-type=\"widget\" data-widget_type=\"image.default\">\n\t\t\t\t<div class=\"elementor-widget-container\">\n\t\t\t\t\t\t\t\t\t\t\t\t\t\t\t<img loading=\"lazy\" decoding=\"async\" width=\"549\" height=\"777\" src=\"https:\/\/www.lagalotiere.fr\/wp-content\/uploads\/2025\/06\/Capture-decran-2025-06-30-114804-1.png\" class=\"attachment-large size-large wp-image-1565\" alt=\"\" srcset=\"https:\/\/www.lagalotiere.fr\/wp-content\/uploads\/2025\/06\/Capture-decran-2025-06-30-114804-1.png 549w, https:\/\/www.lagalotiere.fr\/wp-content\/uploads\/2025\/06\/Capture-decran-2025-06-30-114804-1-212x300.png 212w, https:\/\/www.lagalotiere.fr\/wp-content\/uploads\/2025\/06\/Capture-decran-2025-06-30-114804-1-8x12.png 8w, https:\/\/www.lagalotiere.fr\/wp-content\/uploads\/2025\/06\/Capture-decran-2025-06-30-114804-1-300x425.png 300w\" sizes=\"(max-width: 549px) 100vw, 549px\" \/>\t\t\t\t\t\t\t\t\t\t\t\t\t\t\t<\/div>\n\t\t\t\t<\/div>\n\t\t\t\t<div class=\"elementor-element elementor-element-fb099e4 elementor-widget elementor-widget-accordion\" data-id=\"fb099e4\" data-element_type=\"widget\" data-e-type=\"widget\" data-widget_type=\"accordion.default\">\n\t\t\t\t<div class=\"elementor-widget-container\">\n\t\t\t\t\t\t\t<div class=\"elementor-accordion\">\n\t\t\t\t\t\t\t<div class=\"elementor-accordion-item\">\n\t\t\t\t\t<div id=\"elementor-tab-title-2631\" class=\"elementor-tab-title\" data-tab=\"1\" role=\"button\" aria-controls=\"elementor-tab-content-2631\" aria-expanded=\"false\">\n\t\t\t\t\t\t\t\t\t\t\t\t\t<span class=\"elementor-accordion-icon elementor-accordion-icon-left\" aria-hidden=\"true\">\n\t\t\t\t\t\t\t\t\t\t\t\t\t\t\t<span class=\"elementor-accordion-icon-closed\"><i class=\"fas fa-plus\"><\/i><\/span>\n\t\t\t\t\t\t\t\t<span class=\"elementor-accordion-icon-opened\"><i class=\"fas fa-minus\"><\/i><\/span>\n\t\t\t\t\t\t\t\t\t\t\t\t\t\t<\/span>\n\t\t\t\t\t\t\t\t\t\t\t\t<a class=\"elementor-accordion-title\" tabindex=\"0\">March\u00e9 \u00e0 la ferme<\/a>\n\t\t\t\t\t<\/div>\n\t\t\t\t\t<div id=\"elementor-tab-content-2631\" class=\"elementor-tab-content elementor-clearfix\" data-tab=\"1\" role=\"region\" aria-labelledby=\"elementor-tab-title-2631\"><p>March\u00e9 de produits du terroir et d&rsquo;Artisanat<\/p><p>Spectacle de cirque \u00ab\u00a0La Cie du gros nez rouge\u00a0\u00bb \u00e0 15h<\/p><p>Visites de caves et des vergers<\/p><p>Repas le midi, sur r\u00e9servation par t\u00e9l\u00e9phone<\/p><\/div>\n\t\t\t\t<\/div>\n\t\t\t\t\t\t\t<div class=\"elementor-accordion-item\">\n\t\t\t\t\t<div id=\"elementor-tab-title-2632\" class=\"elementor-tab-title\" data-tab=\"2\" role=\"button\" aria-controls=\"elementor-tab-content-2632\" aria-expanded=\"false\">\n\t\t\t\t\t\t\t\t\t\t\t\t\t<span class=\"elementor-accordion-icon elementor-accordion-icon-left\" aria-hidden=\"true\">\n\t\t\t\t\t\t\t\t\t\t\t\t\t\t\t<span class=\"elementor-accordion-icon-closed\"><i class=\"fas fa-plus\"><\/i><\/span>\n\t\t\t\t\t\t\t\t<span class=\"elementor-accordion-icon-opened\"><i class=\"fas fa-minus\"><\/i><\/span>\n\t\t\t\t\t\t\t\t\t\t\t\t\t\t<\/span>\n\t\t\t\t\t\t\t\t\t\t\t\t<a class=\"elementor-accordion-title\" tabindex=\"0\">Balade dinatoire nocturne<\/a>\n\t\t\t\t\t<\/div>\n\t\t\t\t\t<div id=\"elementor-tab-content-2632\" class=\"elementor-tab-content elementor-clearfix\" data-tab=\"2\" role=\"region\" aria-labelledby=\"elementor-tab-title-2632\"><p>Samedi soir, venez profiter d&rsquo;une balade au coeur de nos vergers avec restauration durant la marche.<\/p><p>Sur r\u00e9servation uniquement<\/p><p>premier d\u00e9part \u00e0 18h30<\/p><p>Adultes : 19\u20ac\u00a0 \u00a0 \u00a0 \u00a0 \u00a0 \u00a0 \u00a0 \u00a0 \u00a0 \u00a0 \u00a0 \u00a0 \u00a0E<span style=\"font-style: inherit; font-weight: inherit;\">nfants : 12\u20ac<\/span><\/p><\/div>\n\t\t\t\t<\/div>\n\t\t\t\t\t\t\t\t<\/div>\n\t\t\t\t\t\t<\/div>\n\t\t\t\t<\/div>\n\t\t\t\t\t<\/div>\n\t\t<\/div>\n\t\t\t\t\t<\/div>\n\t\t<\/section>\n\t\t\t\t<\/div>","protected":false},"excerpt":{"rendered":"<p>Balade libre des vergers Baladez vous librement dans nos vergers, afin de d\u00e9couvrir la diff\u00e9rence entre des pommiers basse et haute-tige, l&rsquo;importance de la pollinisation, de la taile,&#8230; Balade libre sans r\u00e9servation de Mai \u00e0 Septembre Balade des vergers en tracteur chaque lundi apr\u00e8s-midi de Juillet et Ao\u00fbt, \u00e0 15h\u00a0\u00a0 On vous propose une visite [&hellip;]<\/p>\n","protected":false},"author":1,"featured_media":0,"parent":0,"menu_order":0,"comment_status":"closed","ping_status":"closed","template":"","meta":{"site-sidebar-layout":"no-sidebar","site-content-layout":"page-builder","ast-site-content-layout":"full-width-container","site-content-style":"unboxed","site-sidebar-style":"unboxed","ast-global-header-display":"","ast-banner-title-visibility":"","ast-main-header-display":"","ast-hfb-above-header-display":"","ast-hfb-below-header-display":"","ast-hfb-mobile-header-display":"","site-post-title":"disabled","ast-breadcrumbs-content":"","ast-featured-img":"disabled","footer-sml-layout":"","ast-disable-related-posts":"","theme-transparent-header-meta":"default","adv-header-id-meta":"","stick-header-meta":"","header-above-stick-meta":"","header-main-stick-meta":"","header-below-stick-meta":"","astra-migrate-meta-layouts":"set","ast-page-background-enabled":"default","ast-page-background-meta":{"desktop":{"background-color":"","background-image":"","background-repeat":"repeat","background-position":"center center","background-size":"auto","background-attachment":"scroll","background-type":"","background-media":"","overlay-type":"","overlay-color":"","overlay-opacity":"","overlay-gradient":""},"tablet":{"background-color":"","background-image":"","background-repeat":"repeat","background-position":"center center","background-size":"auto","background-attachment":"scroll","background-type":"","background-media":"","overlay-type":"","overlay-color":"","overlay-opacity":"","overlay-gradient":""},"mobile":{"background-color":"","background-image":"","background-repeat":"repeat","background-position":"center center","background-size":"auto","background-attachment":"scroll","background-type":"","background-media":"","overlay-type":"","overlay-color":"","overlay-opacity":"","overlay-gradient":""}},"ast-content-background-meta":{"desktop":{"background-color":"var(--ast-global-color-5)","background-image":"","background-repeat":"repeat","background-position":"center center","background-size":"auto","background-attachment":"scroll","background-type":"","background-media":"","overlay-type":"","overlay-color":"","overlay-opacity":"","overlay-gradient":""},"tablet":{"background-color":"var(--ast-global-color-5)","background-image":"","background-repeat":"repeat","background-position":"center center","background-size":"auto","background-attachment":"scroll","background-type":"","background-media":"","overlay-type":"","overlay-color":"","overlay-opacity":"","overlay-gradient":""},"mobile":{"background-color":"var(--ast-global-color-5)","background-image":"","background-repeat":"repeat","background-position":"center center","background-size":"auto","background-attachment":"scroll","background-type":"","background-media":"","overlay-type":"","overlay-color":"","overlay-opacity":"","overlay-gradient":""}},"footnotes":""},"class_list":["post-274","page","type-page","status-publish","hentry"],"_links":{"self":[{"href":"https:\/\/www.lagalotiere.fr\/en\/wp-json\/wp\/v2\/pages\/274","targetHints":{"allow":["GET"]}}],"collection":[{"href":"https:\/\/www.lagalotiere.fr\/en\/wp-json\/wp\/v2\/pages"}],"about":[{"href":"https:\/\/www.lagalotiere.fr\/en\/wp-json\/wp\/v2\/types\/page"}],"author":[{"embeddable":true,"href":"https:\/\/www.lagalotiere.fr\/en\/wp-json\/wp\/v2\/users\/1"}],"replies":[{"embeddable":true,"href":"https:\/\/www.lagalotiere.fr\/en\/wp-json\/wp\/v2\/comments?post=274"}],"version-history":[{"count":5,"href":"https:\/\/www.lagalotiere.fr\/en\/wp-json\/wp\/v2\/pages\/274\/revisions"}],"predecessor-version":[{"id":1588,"href":"https:\/\/www.lagalotiere.fr\/en\/wp-json\/wp\/v2\/pages\/274\/revisions\/1588"}],"wp:attachment":[{"href":"https:\/\/www.lagalotiere.fr\/en\/wp-json\/wp\/v2\/media?parent=274"}],"curies":[{"name":"wp","href":"https:\/\/api.w.org\/{rel}","templated":true}]}}