{"id":3,"date":"2021-02-16T20:43:28","date_gmt":"2021-02-16T20:43:28","guid":{"rendered":"http:\/\/lagalotiere.local\/?page_id=3"},"modified":"2021-02-22T16:18:29","modified_gmt":"2021-02-22T16:18:29","slug":"privacy-policy","status":"publish","type":"page","link":"https:\/\/www.lagalotiere.fr\/en\/privacy-policy\/","title":{"rendered":"Privacy policy"},"content":{"rendered":"<div data-elementor-type=\"wp-page\" data-elementor-id=\"3\" class=\"elementor elementor-3\">\n\t\t\t\t\t\t<section class=\"elementor-section elementor-top-section elementor-element elementor-element-62b8a6c4 elementor-section-boxed elementor-section-height-default elementor-section-height-default\" data-id=\"62b8a6c4\" data-element_type=\"section\" data-e-type=\"section\">\n\t\t\t\t\t\t<div class=\"elementor-container elementor-column-gap-default\">\n\t\t\t\t\t<div class=\"elementor-column elementor-col-100 elementor-top-column elementor-element elementor-element-2e8821c1\" data-id=\"2e8821c1\" data-element_type=\"column\" data-e-type=\"column\">\n\t\t\t<div class=\"elementor-widget-wrap elementor-element-populated\">\n\t\t\t\t\t\t<div class=\"elementor-element elementor-element-5f9da360 elementor-widget elementor-widget-text-editor\" data-id=\"5f9da360\" data-element_type=\"widget\" data-e-type=\"widget\" data-widget_type=\"text-editor.default\">\n\t\t\t\t<div class=\"elementor-widget-container\">\n\t\t\t\t\t\t\t\t\t\n<h1 class=\"wp-block-heading\">Privacy policy<\/h1>\n\n\n\n<p>Pour toute information compl\u00e9mentaire sur la protection des donn\u00e9es personnelles, nous vous invitons \u00e0 consulter le site : https:\/\/www.cnil.fr\/<\/p>\n\n\n\n<p>La poursuite de la navigation sur ce site vaut acceptation sans r\u00e9serve des dispositions et conditions d\u2019utilisation qui suivent. Vous acceptez l\u2019utilisation de cookies et autres traceurs. En cas de refus, veuillez cliquer sur le lien suivant :&nbsp;<a href=\"https:\/\/www.lagalotiere.fr\/cookies\/\">Cookies<\/a><\/p>\n\n\n\n<p>La version actuellement en ligne de ces conditions d\u2019utilisation est la seule opposable pendant toute la dur\u00e9e d\u2019utilisation du site et jusqu\u2019\u00e0 ce qu\u2019une nouvelle version la remplace.<\/p>\n\n\n\n<h2 class=\"wp-block-heading\">Article 1. Modification de la Politique de confidentialit\u00e9<\/h2>\n\n\n\n<p>Nous pourrons \u00eatre amen\u00e9s \u00e0 modifier ponctuellement la pr\u00e9sente Politique de confidentialit\u00e9 en publiant une nouvelle version en ligne. Nous vous conseillons donc de consulter cette page r\u00e9guli\u00e8rement pour vous informer des modifications \u00e9ventuelles. En cas de modification importante, nous vous aviserons en publiant la version r\u00e9vis\u00e9e de la Politique de confidentialit\u00e9 sur notre site web ou en vous envoyant un avis . De cette mani\u00e8re, nous nous assurerons que vous \u00eates toujours inform\u00e9 de la nature des informations que nous collectons, des modalit\u00e9s d\u2019utilisation de ces donn\u00e9es et des circonstances dans lesquelles elles sont divulgu\u00e9es, le cas \u00e9ch\u00e9ant. Votre utilisation continue du site web est assujetti aux conditions de la Politique de confidentialit\u00e9 alors applicable.<\/p>\n\n\n\n<h2 class=\"wp-block-heading\">Article 2. Collecte et protection des donn\u00e9es<\/h2>\n\n\n\n<p>Vos donn\u00e9es sont collect\u00e9es par La Galoti\u00e8re.<\/p>\n\n\n\n<p>Une donn\u00e9e \u00e0 caract\u00e8re personnel d\u00e9signe toute information concernant une personne physique identifi\u00e9e ou identifiable (personne concern\u00e9e); est r\u00e9put\u00e9e identifiable une personne qui peut \u00eatre identifi\u00e9e, directement ou indirectement, notamment par r\u00e9f\u00e9rence \u00e0 un nom, un num\u00e9ro d\u2019identification ou \u00e0 un ou plusieurs \u00e9l\u00e9ments sp\u00e9cifiques, propres \u00e0 son identit\u00e9 physique, physiologique, g\u00e9n\u00e9tique, psychique, \u00e9conomique, culturelle ou sociale.<\/p>\n\n\n\n<h3 class=\"wp-block-heading\">2.1 Quels sont les donn\u00e9es collect\u00e9es<\/h3>\n\n\n\n<p>Les donn\u00e9es personnelles collect\u00e9es sur ce site sont les suivantes :<\/p>\n\n\n\n<ul class=\"wp-block-list\"><li>Nom et pr\u00e9nom<\/li><li>Adresse mail<\/li><\/ul>\n\n\n\n<h3 class=\"wp-block-heading\">2.2 Quels sont les processus \u00e0 travers lesquel nous recueillons des donn\u00e9es<\/h3>\n\n\n\n<p>Les processus \u00e0 travers lesquels les informations personnelles sont recueillies directement sur&nbsp;notre site&nbsp;sont :<\/p>\n\n\n\n<ul class=\"wp-block-list\"><li>Formulaire de contact<\/li><\/ul>\n\n\n\n<p>Ce site ne permet pas les inscriptions des nouveaux utilisateurs. Les donn\u00e9es personnelles resteront dans la base de donn\u00e9es de la plateforme qui reste, en m\u00eame temps, chez l\u2019h\u00e9bergeur (OVH).<\/p>\n\n\n\n<h4 class=\"wp-block-heading\">Formulaire de contact<\/h4>\n\n\n\n<p>Vous pouvez toujours nous contacter \u00e0 travers de notre formulaire de contact. Sur ce formulaire nous vous demandons votre nom et pr\u00e9nom et votre email pour pouvoir vous donner une r\u00e9ponse si besoin.<\/p>\n\n\n\n<h4 class=\"wp-block-heading\">Commentaires<\/h4>\n\n\n\n<p>Quand vous laissez un commentaire sur notre site web (si les commentaires sont activ\u00e9s ), les donn\u00e9es inscrites dans le formulaire de commentaire, mais aussi votre adresse IP et l\u2019agent utilisateur de votre navigateur sont collect\u00e9s pour nous aider \u00e0 la d\u00e9tection des commentaires ind\u00e9sirables.<\/p>\n\n\n\n<p>Les processus \u00e0 travers lesquels les informations personnelles sont recueillies indirectement sur&nbsp;notre site&nbsp;sont :<\/p>\n\n\n\n<h4 class=\"wp-block-heading\">Statistiques et mesures d\u2019audience<\/h4>\n\n\n\n<p>Pour les mesures d\u2019audience et avec l\u2019objectif d\u2019am\u00e9liorer l\u2019exp\u00e9rience de l\u2019utilisateur nous utilisons les services de Google Analytics. Les donn\u00e9es sont recueillis \u00e0 travers de l\u2019installation des cookies (voir la Politique de Cookies). Google Analytics va conserver les donn\u00e9es de session pendant 14 mois \u00e0 partir de la derni\u00e8re int\u00e9raction avec le site. Vous pouvez trouver ici la Politique de confidentialit\u00e9 de Google Analytics.<\/p>\n\n\n\n<h4 class=\"wp-block-heading\">Contenu embarqu\u00e9 depuis d\u2019autres sites<\/h4>\n\n\n\n<p>Les articles de ce site peuvent inclure des contenus int\u00e9gr\u00e9s (par exemple des vid\u00e9os, images, articles\u2026). Le contenu int\u00e9gr\u00e9 depuis d\u2019autres sites se comporte de la m\u00eame mani\u00e8re que si le visiteur se rendait sur cet autre site.<\/p>\n\n\n\n<p>Ces sites web pourraient collecter des donn\u00e9es sur vous, utiliser des cookies, embarquer des outils de suivis tiers, suivre vos interactions avec ces contenus embarqu\u00e9s si vous disposez d\u2019un compte connect\u00e9 sur leur site web.<\/p>\n\n\n\n<h4 class=\"wp-block-heading\">Cookies<\/h4>\n\n\n\n<p>Si vous d\u00e9posez un commentaire sur notre site, il vous sera propos\u00e9 d\u2019enregistrer votre nom, adresse de messagerie et site web dans des cookies. C\u2019est uniquement pour votre confort afin de ne pas avoir \u00e0 saisir ces informations si vous d\u00e9posez un autre commentaire plus tard. Ces cookies expirent au bout d\u2019un an.<\/p>\n\n\n\n<p>Si vous vous rendez sur la page de connexion, un cookie temporaire sera cr\u00e9\u00e9 afin de d\u00e9terminer si votre navigateur accepte les cookies. Il ne contient pas de donn\u00e9es personnelles et sera supprim\u00e9 automatiquement \u00e0 la fermeture de votre navigateur.<\/p>\n\n\n\n<p>Lorsque vous vous connecterez, nous mettrons en place un certain nombre de cookies pour enregistrer vos informations de connexion et vos pr\u00e9f\u00e9rences d\u2019\u00e9cran. La dur\u00e9e de vie d\u2019un cookie de connexion est de deux jours, celle d\u2019un cookie d\u2019option d\u2019\u00e9cran est d\u2019un an. Si vous cochez \u00ab&nbsp;Se souvenir de moi&nbsp;\u00bb, votre cookie de connexion sera conserv\u00e9 pendant deux semaines. Si vous vous d\u00e9connectez de votre compte, le cookie de connexion sera effac\u00e9.<\/p>\n\n\n\n<p>En modifiant ou en publiant une publication, un cookie suppl\u00e9mentaire sera enregistr\u00e9 dans votre navigateur. Ce cookie ne comprend aucune donn\u00e9e personnelle. Il indique simplement l\u2019ID de la publication que vous venez de modifier. Il expire au bout d\u2019un jour.<\/p>\n\n\n\n<p>Consultez les cookies qui peuvent \u00eatre install\u00e9s sur votre ordinateur depuis le lien suivant :&nbsp;&nbsp;<a href=\"https:\/\/www.lagalotiere.fr\/cookies\/\">cookies<\/a><\/p>\n\n\n\n<h2 class=\"wp-block-heading\">Article 3. Droit d\u2019acc\u00e8s, de rectification et de d\u00e9r\u00e9f\u00e9rencement de vos donn\u00e9es<\/h2>\n\n\n\n<p>En application de la r\u00e9glementation applicable aux donn\u00e9es \u00e0 caract\u00e8re personnel, vous avez les droits suivants :<\/p>\n\n\n\n<ul class=\"wp-block-list\"><li>Le droit d\u2019acc\u00e8s : vous pouvez exercer votre droit d\u2019acc\u00e8s, pour conna\u00eetre les donn\u00e9es personnelles qui vous concernent, en \u00e9crivant \u00e0 l\u2019adresse \u00e9lectronique suivante. Dans ce cas, avant la mise en \u0153uvre de ce droit, nous allons vous demander une preuve de l\u2019identit\u00e9 afin d\u2019en v\u00e9rifier l\u2019exactitude.<\/li><li>Le droit de rectification : si les donn\u00e9es \u00e0 caract\u00e8re personnel d\u00e9tenues par la Plateforme sont inexactes, vous pouvez demander la mise \u00e0 jour des informations.<\/li><li>Le droit de suppression des donn\u00e9es : vous pouvez demander la suppression de vos donn\u00e9es \u00e0 caract\u00e8re personnel, conform\u00e9ment aux lois applicables en mati\u00e8re de protection des donn\u00e9es.<\/li><li>Le droit \u00e0 la limitation du traitement : vous pouvez nous demander de limiter le traitement des donn\u00e9es personnelles conform\u00e9ment aux hypoth\u00e8ses pr\u00e9vues par le RGPD.<\/li><li>Le droit de s\u2019opposer au traitement des donn\u00e9es : vous pouvez vous opposer \u00e0 ce que vos donn\u00e9es soient trait\u00e9es conform\u00e9ment aux hypoth\u00e8ses pr\u00e9vues par le RGPD.<\/li><li>Le droit \u00e0 la portabilit\u00e9 : vous pouvez nous r\u00e9clamer vous remettre les donn\u00e9es personnelles qui vous nous avez fourni pour les transmettre \u00e0 une nouvelle Plateforme.<\/li><\/ul>\n\n\n\n<p>Vous pouvez exercer ce droit par email, \u00e0 l\u2019adresse : lagalotiere@free.fr ou \u00e0 travers de notre formulaire de contact.<\/p>\n\n\n\n<p>Toute demande doit \u00eatre accompagn\u00e9e de la photocopie d\u2019un titre d\u2019identit\u00e9 en cours de validit\u00e9 sign\u00e9, et faire mention de l\u2019adresse \u00e0 laquelle l\u2019\u00e9diteur pourra contacter le demandeur. La r\u00e9ponse sera adress\u00e9e dans le mois suivant la r\u00e9ception de la demande. Ce d\u00e9lai d\u2019un mois peut \u00eatre prolong\u00e9 de deux mois si la complexit\u00e9 de la demande et\/ou le nombre de demandes l\u2019exigent.<\/p>\n\n\n\n<p>De plus, et depuis la loi n\u00b02016-1321 du 7 octobre 2016, les personnes qui le souhaitent, ont la possibilit\u00e9 d\u2019organiser le sort de leurs donn\u00e9es apr\u00e8s leur d\u00e9c\u00e8s. Pour plus d\u2019information sur le sujet, vous pouvez consulter le site Internet de la CNIL : https:\/\/www.cnil.fr\/.<\/p>\n\n\n\n<p>Les utilisateurs peuvent aussi introduire une r\u00e9clamation aupr\u00e8s de la CNIL sur le site de la CNIL : https:\/\/www.cnil.fr.<\/p>\n\n\n\n<p>Nous vous recommandons de de nous contacter un premier temps le contact au sein de la Plateforme avant de d\u00e9poser une r\u00e9clamation aupr\u00e8s de la CNIL, car nous sommes \u00e0 votre enti\u00e8re disposition pour r\u00e9gler votre probl\u00e8me.<\/p>\n\n\n\n<h2 class=\"wp-block-heading\">Article 4. Utilisation des donn\u00e9es<\/h2>\n\n\n\n<p>Les donn\u00e9es personnelles collect\u00e9es aupr\u00e8s des utilisateurs ont pour objectif, la r\u00e9ponse aux questions eventuelles, la mise \u00e0 disposition des services de la Plateforme, leur am\u00e9lioration et le maintien d\u2019un environnement s\u00e9curis\u00e9. La base l\u00e9gale des traitements est l\u2019ex\u00e9cution du contrat entre l\u2019utilisateur et la Plateforme. Plus pr\u00e9cis\u00e9ment, les utilisations sont les suivantes :<\/p>\n\n\n\n<ul class=\"wp-block-list\"><li>gestion du fonctionnement et optimisation du site ; v\u00e9rification, identification et authentification des donn\u00e9es transmises par l\u2019utilisateur ; pr\u00e9vention et d\u00e9tection des fraudes, malwares (malicieux softwares ou logiciels malveillants) et gestion des incidents de s\u00e9curit\u00e9 ;<\/li><li>gestion des \u00e9ventuels litiges avec les utilisateurs ;<\/li><li>la gestion des relations avec vous : r\u00e9ponse aux questions pos\u00e9es \u00e0 travers des formulaires de contact;<\/li><li>Gestion des r\u00e9servations de nos g\u00eetes<\/li><\/ul>\n\n\n\n<h2 class=\"wp-block-heading\">Article 5. Politique de conservation des donn\u00e9es<\/h2>\n\n\n\n<p>La Plateforme conserve vos donn\u00e9es pour la dur\u00e9e n\u00e9cessaire pour vous fournir une assistance ou une r\u00e9ponse pertinente.<\/p>\n\n\n\n<p>Dans la mesure raisonnablement n\u00e9cessaire ou requise pour satisfaire aux obligations l\u00e9gales ou r\u00e9glementaires, r\u00e9gler des litiges, emp\u00eacher les fraudes et abus ou appliquer nos modalit\u00e9s et conditions, nous pouvons \u00e9galement conserver certaines de vos informations si n\u00e9cessaires, m\u00eame apr\u00e8s que vous ayez ferm\u00e9 votre compte ou que nous n\u2019avons plus besoin pour vous fournir des services.<\/p>\n\n\n\n<p>Si vous laissez un commentaire, le commentaire et ses m\u00e9tadonn\u00e9es sont conserv\u00e9s ind\u00e9finiment. Cela permet de reconna\u00eetre et approuver automatiquement les commentaires suivants au lieu de les laisser dans la file de mod\u00e9ration.<\/p>\n\n\n\n<p>Nous conservons les donn\u00e9es re\u00e7ues via vos formulaires de contact pendant 1 an, les statistiques de visites pendant 38 mois. Vous avez toujours le droit de suppresion des donn\u00e9es.<\/p>\n\n\n\n<p>Les donn\u00e9es sont conserv\u00e9es et utilis\u00e9es pour une dur\u00e9e conforme \u00e0 la l\u00e9gislation en vigueur.<\/p>\n\n\n\n<h2 class=\"wp-block-heading\">Article 6. Partage des donn\u00e9es personnelles avec des tiers<\/h2>\n\n\n\n<p>Les donn\u00e9es personnelles peuvent \u00eatre partag\u00e9es avec des soci\u00e9t\u00e9s tierces, dans les cas suivants :<\/p>\n\n\n\n<ul class=\"wp-block-list\"><li>lorsque l\u2019utilisateur publie, dans les zones de commentaires libres de la Plateforme, des informations accessibles au public ;<\/li><li>quand l\u2019utilisateur autorise le site web d\u2019un tiers \u00e0 acc\u00e9der \u00e0 ses donn\u00e9es ;<\/li><li>quand la Plateforme recourt aux services de prestataires pour fournir l\u2019assistance utilisateurs. Ces prestataires disposent d\u2019un acc\u00e8s limit\u00e9 aux donn\u00e9es de l\u2019utilisateur, dans le cadre de l\u2019ex\u00e9cution de ces prestations, et ont une obligation contractuelle de les utiliser en conformit\u00e9 avec les dispositions de la r\u00e9glementation applicable en mati\u00e8re protection des donn\u00e9es \u00e0 caract\u00e8re personnel ;<\/li><li>si la loi l\u2019exige, la Plateforme peut effectuer la transmission de donn\u00e9es pour donner suite aux r\u00e9clamations pr\u00e9sent\u00e9es contre la Plateforme et se conformer aux proc\u00e9dures administratives et judiciaires ;<\/li><\/ul>\n\n\n\n<p>Nous partageons les donn\u00e9es avec :<\/p>\n\n\n\n<ul class=\"wp-block-list\"><li>Google Analytics<\/li><li>OVH<\/li><li>DigitalMKT \u2013 Webmarketing &amp; Graphisme<\/li><li>CRESCENDO<\/li><li>Consultez autres services tiers sur la page&nbsp;<a href=\"https:\/\/www.lagalotiere.fr\/cookies\/\">cookies<\/a><\/li><\/ul>\n\n\n\n<p>Si, lors de la consultation du site, vous acc\u00e9dez \u00e0 des donn\u00e9es \u00e0 caract\u00e8re personnel, vous devez vous abstenir de toute collecte, de toute utilisation non autoris\u00e9e et de tout acte pouvant constituer une atteinte \u00e0 la vie priv\u00e9e ou \u00e0 la r\u00e9putation des personnes. L\u2019\u00e9diteur d\u00e9cline toute responsabilit\u00e9 \u00e0 cet \u00e9gard.<\/p>\n\n\n\n<h2 class=\"wp-block-heading\">Article 7. Informations suppl\u00e9mentaires<\/h2>\n\n\n\n<h3 class=\"wp-block-heading\">Comment nous prot\u00e9geons vos donn\u00e9es<\/h3>\n\n\n\n<p>Nous avons mis en place plusieurs syst\u00e8mes de s\u00e9curit\u00e9 du site pour lui prot\u00e9ger des acc\u00e8s non autoris\u00e9s :<\/p>\n\n\n\n<ul class=\"wp-block-list\"><li>Acc\u00e8s au backend prot\u00e9g\u00e9 par mot de passe<\/li><li>Cryptage des mots de passe sur la base de donn\u00e9es<\/li><li>Syst\u00e8me de blocage d\u2019acc\u00e8s lors des attaques par force brute<\/li><li>L\u2019acc\u00e8s \u00e0 la base de donn\u00e9es du site est crypt\u00e9 par un utilisateur et un mot de passe<\/li><li>Les fichiers du site et la base de donn\u00e9es est h\u00e9berg\u00e9 chez OVH et il profite de tous les moyens de s\u00e9curit\u00e9 mises en place par l\u2019h\u00e9bergeur<\/li><li>Les dossiers du site qui contiennent des informations importantes ont \u00e9t\u00e9 prot\u00e9g\u00e9s.<\/li><\/ul>\n\n\n\n<h3 class=\"wp-block-heading\">Proc\u00e9dures mises en \u0153uvre en cas de fuite de donn\u00e9es<\/h3>\n\n\n\n<p>Les actions suivantes seront mises en place au moment qu\u2019on d\u00e9tecte une possible fuite de donn\u00e9es :<\/p>\n\n\n\n<ul class=\"wp-block-list\"><li>En cas de fuite nous contacterons avec la CNIL sans d\u00e9lai pour transmettre la possibilit\u00e9 d\u2019une fuite des donn\u00e9es personnelles.<\/li><li>Le site sera ferm\u00e9 et mis en quarantaine pour bien d\u00e9tecter l\u2019erreur et pouvoir le corriger.<\/li><\/ul>\n\n\n\n<p>(Derni\u00e8re mise \u00e0 jour : 19\/01\/2021)<\/p>\n\t\t\t\t\t\t\t\t<\/div>\n\t\t\t\t<\/div>\n\t\t\t\t\t<\/div>\n\t\t<\/div>\n\t\t\t\t\t<\/div>\n\t\t<\/section>\n\t\t\t\t<\/div>","protected":false},"excerpt":{"rendered":"<p>Politique de confidentialit\u00e9 Pour toute information compl\u00e9mentaire sur la protection des donn\u00e9es personnelles, nous vous invitons \u00e0 consulter le site : https:\/\/www.cnil.fr\/ La poursuite de la navigation sur ce site vaut acceptation sans r\u00e9serve des dispositions et conditions d\u2019utilisation qui suivent. Vous acceptez l\u2019utilisation de cookies et autres traceurs. En cas de refus, veuillez cliquer [&hellip;]<\/p>\n","protected":false},"author":1,"featured_media":0,"parent":0,"menu_order":0,"comment_status":"closed","ping_status":"open","template":"","meta":{"site-sidebar-layout":"default","site-content-layout":"default","ast-site-content-layout":"default","site-content-style":"default","site-sidebar-style":"default","ast-global-header-display":"","ast-banner-title-visibility":"","ast-main-header-display":"","ast-hfb-above-header-display":"","ast-hfb-below-header-display":"","ast-hfb-mobile-header-display":"","site-post-title":"","ast-breadcrumbs-content":"","ast-featured-img":"","footer-sml-layout":"","ast-disable-related-posts":"","theme-transparent-header-meta":"default","adv-header-id-meta":"","stick-header-meta":"","header-above-stick-meta":"","header-main-stick-meta":"","header-below-stick-meta":"","astra-migrate-meta-layouts":"default","ast-page-background-enabled":"default","ast-page-background-meta":{"desktop":{"background-color":"","background-image":"","background-repeat":"repeat","background-position":"center center","background-size":"auto","background-attachment":"scroll","background-type":"","background-media":"","overlay-type":"","overlay-color":"","overlay-opacity":"","overlay-gradient":""},"tablet":{"background-color":"","background-image":"","background-repeat":"repeat","background-position":"center center","background-size":"auto","background-attachment":"scroll","background-type":"","background-media":"","overlay-type":"","overlay-color":"","overlay-opacity":"","overlay-gradient":""},"mobile":{"background-color":"","background-image":"","background-repeat":"repeat","background-position":"center center","background-size":"auto","background-attachment":"scroll","background-type":"","background-media":"","overlay-type":"","overlay-color":"","overlay-opacity":"","overlay-gradient":""}},"ast-content-background-meta":{"desktop":{"background-color":"var(--ast-global-color-5)","background-image":"","background-repeat":"repeat","background-position":"center center","background-size":"auto","background-attachment":"scroll","background-type":"","background-media":"","overlay-type":"","overlay-color":"","overlay-opacity":"","overlay-gradient":""},"tablet":{"background-color":"var(--ast-global-color-5)","background-image":"","background-repeat":"repeat","background-position":"center center","background-size":"auto","background-attachment":"scroll","background-type":"","background-media":"","overlay-type":"","overlay-color":"","overlay-opacity":"","overlay-gradient":""},"mobile":{"background-color":"var(--ast-global-color-5)","background-image":"","background-repeat":"repeat","background-position":"center center","background-size":"auto","background-attachment":"scroll","background-type":"","background-media":"","overlay-type":"","overlay-color":"","overlay-opacity":"","overlay-gradient":""}},"footnotes":""},"class_list":["post-3","page","type-page","status-publish","hentry"],"_links":{"self":[{"href":"https:\/\/www.lagalotiere.fr\/en\/wp-json\/wp\/v2\/pages\/3","targetHints":{"allow":["GET"]}}],"collection":[{"href":"https:\/\/www.lagalotiere.fr\/en\/wp-json\/wp\/v2\/pages"}],"about":[{"href":"https:\/\/www.lagalotiere.fr\/en\/wp-json\/wp\/v2\/types\/page"}],"author":[{"embeddable":true,"href":"https:\/\/www.lagalotiere.fr\/en\/wp-json\/wp\/v2\/users\/1"}],"replies":[{"embeddable":true,"href":"https:\/\/www.lagalotiere.fr\/en\/wp-json\/wp\/v2\/comments?post=3"}],"version-history":[{"count":0,"href":"https:\/\/www.lagalotiere.fr\/en\/wp-json\/wp\/v2\/pages\/3\/revisions"}],"wp:attachment":[{"href":"https:\/\/www.lagalotiere.fr\/en\/wp-json\/wp\/v2\/media?parent=3"}],"curies":[{"name":"wp","href":"https:\/\/api.w.org\/{rel}","templated":true}]}}