{"id":811,"date":"2021-03-08T13:20:25","date_gmt":"2021-03-08T13:20:25","guid":{"rendered":"http:\/\/lagalotiere.local\/?page_id=811"},"modified":"2021-03-10T13:28:08","modified_gmt":"2021-03-10T13:28:08","slug":"recettes-2","status":"publish","type":"page","link":"https:\/\/www.lagalotiere.fr\/en\/recettes-2\/","title":{"rendered":"Recipes"},"content":{"rendered":"<div data-elementor-type=\"wp-page\" data-elementor-id=\"811\" class=\"elementor elementor-811\">\n\t\t\t\t\t\t<section class=\"elementor-section elementor-top-section elementor-element elementor-element-86eb768 elementor-section-boxed elementor-section-height-default elementor-section-height-default\" data-id=\"86eb768\" data-element_type=\"section\" data-e-type=\"section\">\n\t\t\t\t\t\t\t<div class=\"elementor-background-overlay\"><\/div>\n\t\t\t\t\t\t\t<div class=\"elementor-container elementor-column-gap-default\">\n\t\t\t\t\t<div class=\"elementor-column elementor-col-100 elementor-top-column elementor-element elementor-element-4821d53\" data-id=\"4821d53\" data-element_type=\"column\" data-e-type=\"column\">\n\t\t\t<div class=\"elementor-widget-wrap elementor-element-populated\">\n\t\t\t\t\t\t<div class=\"elementor-element elementor-element-bf8f6d8 elementor-widget elementor-widget-heading\" data-id=\"bf8f6d8\" data-element_type=\"widget\" data-e-type=\"widget\" data-widget_type=\"heading.default\">\n\t\t\t\t<div class=\"elementor-widget-container\">\n\t\t\t\t\t<h2 class=\"elementor-heading-title elementor-size-default\">Recipes<\/h2>\t\t\t\t<\/div>\n\t\t\t\t<\/div>\n\t\t\t\t<div class=\"elementor-element elementor-element-d479d63 premium-blog-align-left elementor-widget elementor-widget-premium-addon-blog\" data-id=\"d479d63\" data-element_type=\"widget\" data-e-type=\"widget\" data-settings=\"{&quot;premium_blog_grid&quot;:&quot;yes&quot;,&quot;premium_blog_layout&quot;:&quot;even&quot;,&quot;premium_blog_columns_number&quot;:&quot;50%&quot;,&quot;premium_blog_columns_number_tablet&quot;:&quot;50%&quot;,&quot;premium_blog_columns_number_mobile&quot;:&quot;100%&quot;}\" data-widget_type=\"premium-addon-blog.default\">\n\t\t\t\t<div class=\"elementor-widget-container\">\n\t\t\t\t\t\n\t\t\n\n\t\t\t\t<div class=\"premium-blog-wrap  premium-blog-even\" data-page=\"811\">\n\t\t\t\t\t\t\t\t\t<div class=\"premium-blog-post-outer-container\" data-total=\"2\">\n\t\t\t<div class=\"premium-blog-post-container premium-blog-skin-side\">\n\t\t\t\t\t\t\t\t\t<div class=\"premium-blog-thumb-effect-wrapper\">\n\t\t\t\t\t\t<div class=\"premium-blog-thumbnail-container premium-blog-zoomin-effect\">\n\t\t\t\t\t\t\t<img fetchpriority=\"high\" decoding=\"async\" width=\"1421\" height=\"4858\" src=\"https:\/\/www.lagalotiere.fr\/wp-content\/uploads\/2021\/03\/POMMEAU-BIO.png\" class=\"attachment-full size-full wp-image-872\" alt=\"POMMEAU BIO\" srcset=\"https:\/\/www.lagalotiere.fr\/wp-content\/uploads\/2021\/03\/POMMEAU-BIO.png 1421w, https:\/\/www.lagalotiere.fr\/wp-content\/uploads\/2021\/03\/POMMEAU-BIO-88x300.png 88w, https:\/\/www.lagalotiere.fr\/wp-content\/uploads\/2021\/03\/POMMEAU-BIO-768x2626.png 768w, https:\/\/www.lagalotiere.fr\/wp-content\/uploads\/2021\/03\/POMMEAU-BIO-449x1536.png 449w, https:\/\/www.lagalotiere.fr\/wp-content\/uploads\/2021\/03\/POMMEAU-BIO-599x2048.png 599w, https:\/\/www.lagalotiere.fr\/wp-content\/uploads\/2021\/03\/POMMEAU-BIO-300x1026.png 300w, https:\/\/www.lagalotiere.fr\/wp-content\/uploads\/2021\/03\/POMMEAU-BIO-600x2051.png 600w\" sizes=\"(max-width: 1421px) 100vw, 1421px\" \/>\t\t\t\t\t\t<\/div>\n\t\t\t\t\t\t\t\t\t\t\t\t\t<div class=\"premium-blog-thumbnail-overlay\">\n\t\t\t\t\t\t\t\t<a class=\"elementor-icon\" href=\"https:\/\/www.lagalotiere.fr\/en\/huitres-au-pommeau\/\" target=\"_blank\"><\/a>\n\t\t\t\t\t\t\t<\/div>\n\n\t\t\t\t\t\t\t\t\t\t\t\t\t\t\t\t\t\t<\/div>\n\t\t\t\t\t\t\t\t\t\t\t\t<div class=\"premium-blog-content-wrapper\">\n\n\t\t\t\t\t<div class=\"premium-blog-inner-container\">\n\n\t\t\t\t\t\t\t\t\t\t\t\t\t\t<h4 class=\"premium-blog-entry-title\">\n\t\t\t<a href=\"https:\/\/www.lagalotiere.fr\/en\/huitres-au-pommeau\/\" target=\"_blank\">\n\t\t\t\tHu\u00eetres au pommeau\t\t\t<\/a>\n\t\t<\/h4>\n\t\t\t\t<div class=\"premium-blog-entry-meta\">\n\t\t\t\n\t\t\t\n\t\t\t\n\t\t\t\t\t<\/div>\n\t\t\n\t\t\t\t\t<\/div>\n\n\t\t\t\t\t\t\t<div class=\"premium-blog-content-inner-wrapper\">\n\t\t<p class=\"premium-blog-post-content\">Recette Hu\u00eetres au pommeau Ingr\u00e9dients : 12 hu\u00eetres 3 \u00e9chalotes 3 pommes 30 g de beurre 20 cl de Pommeau de la \u2026<\/p>\t\t<\/div>\n\t\t\t\t\t\t\t\n\t\t\t\t<\/div>\n\t\t\t<\/div>\n\t\t<\/div>\n\n\t\t\t\t<div class=\"premium-blog-post-outer-container\" data-total=\"2\">\n\t\t\t<div class=\"premium-blog-post-container premium-blog-skin-side\">\n\t\t\t\t\t\t\t\t\t<div class=\"premium-blog-thumb-effect-wrapper\">\n\t\t\t\t\t\t<div class=\"premium-blog-thumbnail-container premium-blog-zoomin-effect\">\n\t\t\t\t\t\t\t<img decoding=\"async\" width=\"1480\" height=\"5091\" src=\"https:\/\/www.lagalotiere.fr\/wp-content\/uploads\/2021\/03\/CIDRE-BRUT.png\" class=\"attachment-full size-full wp-image-873\" alt=\"CIDRE BRUT\" srcset=\"https:\/\/www.lagalotiere.fr\/wp-content\/uploads\/2021\/03\/CIDRE-BRUT.png 1480w, https:\/\/www.lagalotiere.fr\/wp-content\/uploads\/2021\/03\/CIDRE-BRUT-87x300.png 87w, https:\/\/www.lagalotiere.fr\/wp-content\/uploads\/2021\/03\/CIDRE-BRUT-298x1024.png 298w, https:\/\/www.lagalotiere.fr\/wp-content\/uploads\/2021\/03\/CIDRE-BRUT-768x2642.png 768w, https:\/\/www.lagalotiere.fr\/wp-content\/uploads\/2021\/03\/CIDRE-BRUT-595x2048.png 595w, https:\/\/www.lagalotiere.fr\/wp-content\/uploads\/2021\/03\/CIDRE-BRUT-300x1032.png 300w, https:\/\/www.lagalotiere.fr\/wp-content\/uploads\/2021\/03\/CIDRE-BRUT-600x2064.png 600w\" sizes=\"(max-width: 1480px) 100vw, 1480px\" \/>\t\t\t\t\t\t<\/div>\n\t\t\t\t\t\t\t\t\t\t\t\t\t<div class=\"premium-blog-thumbnail-overlay\">\n\t\t\t\t\t\t\t\t<a class=\"elementor-icon\" href=\"https:\/\/www.lagalotiere.fr\/en\/roti-de-porc-au-cidre\/\" target=\"_blank\"><\/a>\n\t\t\t\t\t\t\t<\/div>\n\n\t\t\t\t\t\t\t\t\t\t\t\t\t\t\t\t\t\t<\/div>\n\t\t\t\t\t\t\t\t\t\t\t\t<div class=\"premium-blog-content-wrapper\">\n\n\t\t\t\t\t<div class=\"premium-blog-inner-container\">\n\n\t\t\t\t\t\t\t\t\t\t\t\t\t\t<h4 class=\"premium-blog-entry-title\">\n\t\t\t<a href=\"https:\/\/www.lagalotiere.fr\/en\/roti-de-porc-au-cidre\/\" target=\"_blank\">\n\t\t\t\tR\u00f4ti de porc au cidre\t\t\t<\/a>\n\t\t<\/h4>\n\t\t\t\t<div class=\"premium-blog-entry-meta\">\n\t\t\t\n\t\t\t\n\t\t\t\n\t\t\t\t\t<\/div>\n\t\t\n\t\t\t\t\t<\/div>\n\n\t\t\t\t\t\t\t<div class=\"premium-blog-content-inner-wrapper\">\n\t\t<p class=\"premium-blog-post-content\">Recette R\u00f4ti de porc au cidre Ingr\u00e9dients : 1 r\u00f4ti de porc dans la longe 8 pommes 1 cuill\u00e8re \u00e0 soupe d\u2019huile \u2026<\/p>\t\t<\/div>\n\t\t\t\t\t\t\t\n\t\t\t\t<\/div>\n\t\t\t<\/div>\n\t\t<\/div>\n\n\t\t\t\t<div class=\"premium-blog-post-outer-container\" data-total=\"2\">\n\t\t\t<div class=\"premium-blog-post-container premium-blog-skin-side\">\n\t\t\t\t\t\t\t\t\t<div class=\"premium-blog-thumb-effect-wrapper\">\n\t\t\t\t\t\t<div class=\"premium-blog-thumbnail-container premium-blog-zoomin-effect\">\n\t\t\t\t\t\t\t<img decoding=\"async\" width=\"500\" height=\"800\" src=\"https:\/\/www.lagalotiere.fr\/wp-content\/uploads\/2021\/03\/calva_cidre_brut.png\" class=\"attachment-full size-full wp-image-825\" alt=\"calva_cidre_brut\" srcset=\"https:\/\/www.lagalotiere.fr\/wp-content\/uploads\/2021\/03\/calva_cidre_brut.png 500w, https:\/\/www.lagalotiere.fr\/wp-content\/uploads\/2021\/03\/calva_cidre_brut-188x300.png 188w, https:\/\/www.lagalotiere.fr\/wp-content\/uploads\/2021\/03\/calva_cidre_brut-300x480.png 300w\" sizes=\"(max-width: 500px) 100vw, 500px\" \/>\t\t\t\t\t\t<\/div>\n\t\t\t\t\t\t\t\t\t\t\t\t\t<div class=\"premium-blog-thumbnail-overlay\">\n\t\t\t\t\t\t\t\t<a class=\"elementor-icon\" href=\"https:\/\/www.lagalotiere.fr\/en\/poulet-vallee-dauge\/\" target=\"_blank\"><\/a>\n\t\t\t\t\t\t\t<\/div>\n\n\t\t\t\t\t\t\t\t\t\t\t\t\t\t\t\t\t\t<\/div>\n\t\t\t\t\t\t\t\t\t\t\t\t<div class=\"premium-blog-content-wrapper\">\n\n\t\t\t\t\t<div class=\"premium-blog-inner-container\">\n\n\t\t\t\t\t\t\t\t\t\t\t\t\t\t<h4 class=\"premium-blog-entry-title\">\n\t\t\t<a href=\"https:\/\/www.lagalotiere.fr\/en\/poulet-vallee-dauge\/\" target=\"_blank\">\n\t\t\t\tPoulet vall\u00e9e d\u2019Auge\t\t\t<\/a>\n\t\t<\/h4>\n\t\t\t\t<div class=\"premium-blog-entry-meta\">\n\t\t\t\n\t\t\t\n\t\t\t\n\t\t\t\t\t<\/div>\n\t\t\n\t\t\t\t\t<\/div>\n\n\t\t\t\t\t\t\t<div class=\"premium-blog-content-inner-wrapper\">\n\t\t<p class=\"premium-blog-post-content\">Recette Poulet vall\u00e9e d\u2019Auge Ingr\u00e9dients : 1 poulet fermier 2 \u00e9chalotes 1 carotte 1 blanc de poireau 100 g de beurre 5 \u2026<\/p>\t\t<\/div>\n\t\t\t\t\t\t\t\n\t\t\t\t<\/div>\n\t\t\t<\/div>\n\t\t<\/div>\n\n\t\t\t\t<div class=\"premium-blog-post-outer-container\" data-total=\"2\">\n\t\t\t<div class=\"premium-blog-post-container premium-blog-skin-side\">\n\t\t\t\t\t\t\t\t\t<div class=\"premium-blog-thumb-effect-wrapper\">\n\t\t\t\t\t\t<div class=\"premium-blog-thumbnail-container premium-blog-zoomin-effect\">\n\t\t\t\t\t\t\t<img loading=\"lazy\" decoding=\"async\" width=\"1475\" height=\"4612\" src=\"https:\/\/www.lagalotiere.fr\/wp-content\/uploads\/2021\/03\/CALVADOS-VIEUX-2.png\" class=\"attachment-full size-full wp-image-861\" alt=\"CALVADOS VIEUX (2)\" srcset=\"https:\/\/www.lagalotiere.fr\/wp-content\/uploads\/2021\/03\/CALVADOS-VIEUX-2.png 1475w, https:\/\/www.lagalotiere.fr\/wp-content\/uploads\/2021\/03\/CALVADOS-VIEUX-2-96x300.png 96w, https:\/\/www.lagalotiere.fr\/wp-content\/uploads\/2021\/03\/CALVADOS-VIEUX-2-768x2401.png 768w, https:\/\/www.lagalotiere.fr\/wp-content\/uploads\/2021\/03\/CALVADOS-VIEUX-2-491x1536.png 491w, https:\/\/www.lagalotiere.fr\/wp-content\/uploads\/2021\/03\/CALVADOS-VIEUX-2-655x2048.png 655w, https:\/\/www.lagalotiere.fr\/wp-content\/uploads\/2021\/03\/CALVADOS-VIEUX-2-300x938.png 300w, https:\/\/www.lagalotiere.fr\/wp-content\/uploads\/2021\/03\/CALVADOS-VIEUX-2-600x1876.png 600w\" sizes=\"(max-width: 1475px) 100vw, 1475px\" \/>\t\t\t\t\t\t<\/div>\n\t\t\t\t\t\t\t\t\t\t\t\t\t<div class=\"premium-blog-thumbnail-overlay\">\n\t\t\t\t\t\t\t\t<a class=\"elementor-icon\" href=\"https:\/\/www.lagalotiere.fr\/en\/pommes-au-four\/\" target=\"_blank\"><\/a>\n\t\t\t\t\t\t\t<\/div>\n\n\t\t\t\t\t\t\t\t\t\t\t\t\t\t\t\t\t\t<\/div>\n\t\t\t\t\t\t\t\t\t\t\t\t<div class=\"premium-blog-content-wrapper\">\n\n\t\t\t\t\t<div class=\"premium-blog-inner-container\">\n\n\t\t\t\t\t\t\t\t\t\t\t\t\t\t<h4 class=\"premium-blog-entry-title\">\n\t\t\t<a href=\"https:\/\/www.lagalotiere.fr\/en\/pommes-au-four\/\" target=\"_blank\">\n\t\t\t\tPommes au four\t\t\t<\/a>\n\t\t<\/h4>\n\t\t\t\t<div class=\"premium-blog-entry-meta\">\n\t\t\t\n\t\t\t\n\t\t\t\n\t\t\t\t\t<\/div>\n\t\t\n\t\t\t\t\t<\/div>\n\n\t\t\t\t\t\t\t<div class=\"premium-blog-content-inner-wrapper\">\n\t\t<p class=\"premium-blog-post-content\">Recette Pommes au four Ingr\u00e9dients : 4 pommes 100 g de beurre 4 cuiller\u00e9es \u00e0 soupe de miel 10 cl de calvados \u2026<\/p>\t\t<\/div>\n\t\t\t\t\t\t\t\n\t\t\t\t<\/div>\n\t\t\t<\/div>\n\t\t<\/div>\n\n\t\t\t\t\t\t\t<\/div>\n\n\t\t\n\t\t\n\t\t\t\t\t\t<\/div>\n\t\t\t\t<\/div>\n\t\t\t\t\t<\/div>\n\t\t<\/div>\n\t\t\t\t\t<\/div>\n\t\t<\/section>\n\t\t\t\t<\/div>","protected":false},"excerpt":{"rendered":"<p>Recettes Hu\u00eetres au pommeau Recette Hu\u00eetres au pommeau Ingr\u00e9dients : 12 hu\u00eetres 3 \u00e9chalotes 3 pommes 30 g de beurre 20 cl de Pommeau de la \u2026 R\u00f4ti de porc au cidre Recette R\u00f4ti de porc au cidre Ingr\u00e9dients : 1 r\u00f4ti de porc dans la longe 8 pommes 1 cuill\u00e8re \u00e0 soupe d\u2019huile \u2026 [&hellip;]<\/p>\n","protected":false},"author":1,"featured_media":0,"parent":0,"menu_order":0,"comment_status":"closed","ping_status":"closed","template":"","meta":{"site-sidebar-layout":"no-sidebar","site-content-layout":"page-builder","ast-site-content-layout":"default","site-content-style":"default","site-sidebar-style":"default","ast-global-header-display":"","ast-banner-title-visibility":"","ast-main-header-display":"","ast-hfb-above-header-display":"","ast-hfb-below-header-display":"","ast-hfb-mobile-header-display":"","site-post-title":"disabled","ast-breadcrumbs-content":"","ast-featured-img":"disabled","footer-sml-layout":"","ast-disable-related-posts":"","theme-transparent-header-meta":"default","adv-header-id-meta":"","stick-header-meta":"","header-above-stick-meta":"","header-main-stick-meta":"","header-below-stick-meta":"","astra-migrate-meta-layouts":"default","ast-page-background-enabled":"default","ast-page-background-meta":{"desktop":{"background-color":"","background-image":"","background-repeat":"repeat","background-position":"center center","background-size":"auto","background-attachment":"scroll","background-type":"","background-media":"","overlay-type":"","overlay-color":"","overlay-opacity":"","overlay-gradient":""},"tablet":{"background-color":"","background-image":"","background-repeat":"repeat","background-position":"center center","background-size":"auto","background-attachment":"scroll","background-type":"","background-media":"","overlay-type":"","overlay-color":"","overlay-opacity":"","overlay-gradient":""},"mobile":{"background-color":"","background-image":"","background-repeat":"repeat","background-position":"center center","background-size":"auto","background-attachment":"scroll","background-type":"","background-media":"","overlay-type":"","overlay-color":"","overlay-opacity":"","overlay-gradient":""}},"ast-content-background-meta":{"desktop":{"background-color":"var(--ast-global-color-5)","background-image":"","background-repeat":"repeat","background-position":"center center","background-size":"auto","background-attachment":"scroll","background-type":"","background-media":"","overlay-type":"","overlay-color":"","overlay-opacity":"","overlay-gradient":""},"tablet":{"background-color":"var(--ast-global-color-5)","background-image":"","background-repeat":"repeat","background-position":"center center","background-size":"auto","background-attachment":"scroll","background-type":"","background-media":"","overlay-type":"","overlay-color":"","overlay-opacity":"","overlay-gradient":""},"mobile":{"background-color":"var(--ast-global-color-5)","background-image":"","background-repeat":"repeat","background-position":"center center","background-size":"auto","background-attachment":"scroll","background-type":"","background-media":"","overlay-type":"","overlay-color":"","overlay-opacity":"","overlay-gradient":""}},"footnotes":""},"class_list":["post-811","page","type-page","status-publish","hentry"],"_links":{"self":[{"href":"https:\/\/www.lagalotiere.fr\/en\/wp-json\/wp\/v2\/pages\/811","targetHints":{"allow":["GET"]}}],"collection":[{"href":"https:\/\/www.lagalotiere.fr\/en\/wp-json\/wp\/v2\/pages"}],"about":[{"href":"https:\/\/www.lagalotiere.fr\/en\/wp-json\/wp\/v2\/types\/page"}],"author":[{"embeddable":true,"href":"https:\/\/www.lagalotiere.fr\/en\/wp-json\/wp\/v2\/users\/1"}],"replies":[{"embeddable":true,"href":"https:\/\/www.lagalotiere.fr\/en\/wp-json\/wp\/v2\/comments?post=811"}],"version-history":[{"count":1,"href":"https:\/\/www.lagalotiere.fr\/en\/wp-json\/wp\/v2\/pages\/811\/revisions"}],"predecessor-version":[{"id":1472,"href":"https:\/\/www.lagalotiere.fr\/en\/wp-json\/wp\/v2\/pages\/811\/revisions\/1472"}],"wp:attachment":[{"href":"https:\/\/www.lagalotiere.fr\/en\/wp-json\/wp\/v2\/media?parent=811"}],"curies":[{"name":"wp","href":"https:\/\/api.w.org\/{rel}","templated":true}]}}