{"id":336,"date":"2021-02-18T10:04:03","date_gmt":"2021-02-18T10:04:03","guid":{"rendered":"http:\/\/lagalotiere.local\/?post_type=product&#038;p=336"},"modified":"2021-02-18T10:07:12","modified_gmt":"2021-02-18T10:07:12","slug":"cidre-brut-aop-biologique","status":"publish","type":"product","link":"https:\/\/www.lagalotiere.fr\/en\/product\/cidre-brut-aop-biologique\/","title":{"rendered":"Organic Dry Cider"},"content":{"rendered":"<p class=\"Textbody\">This organic dry cider is made from bitter, bittersweet and sharp cider apples.<\/p>\n<p class=\"Textbody\">The cider contains little residual sugar, its flavour a balance of bitterness alongside a little sharpness and body.<\/p>\n<p class=\"Textbody\">Thanks to its refreshing taste, it can be served in the afternoon or as an aperitif.<\/p>\n<p class=\"Textbody\">And its full-bodied bitterness makes it perfect to serve at meal times to accompany the starter, fish or meat.<\/p>\n<p>Vous pouvez aussi, utiliser ce cidre pour cuisiner. Il existe \u00e9norm\u00e9ment de recettes \u00e0 base de cidre, qui sont succulentes. Vous pouvez en retrouver certaines sur notre site, dans la rubrique \u201crecettes\u201d.<\/p>\n<p>C\u2019est une bouteille de 75cl. Il est disponible aussi en 33cl.<\/p>","protected":false},"excerpt":{"rendered":"<p>Ce cidre brut biologique est fabriqu\u00e9 avec des pommes \u00e0 cidre am\u00e8res, douce-am\u00e8res et acidul\u00e9es. Il a peu de sucres r\u00e9siduels, son \u00e9quilibre est bas\u00e9 sur l\u2019amertume, avec un peu de rondeur et d\u2019acidit\u00e9. Son c\u00f4t\u00e9 rafra\u00eechissant permet de le servir l\u2019apr\u00e8s-midi ou \u00e0 l\u2019ap\u00e9ritif. Enfin, son c\u00f4t\u00e9 amertum\u00e9 cors\u00e9 lui permet d\u2019accompagner les d\u00e9buts [&hellip;]<\/p>\n","protected":false},"featured_media":337,"template":"","meta":{"site-sidebar-layout":"default","site-content-layout":"default","ast-site-content-layout":"default","site-content-style":"default","site-sidebar-style":"default","ast-global-header-display":"","ast-banner-title-visibility":"","ast-main-header-display":"","ast-hfb-above-header-display":"","ast-hfb-below-header-display":"","ast-hfb-mobile-header-display":"","site-post-title":"","ast-breadcrumbs-content":"","ast-featured-img":"","footer-sml-layout":"","ast-disable-related-posts":"","theme-transparent-header-meta":"default","adv-header-id-meta":"","stick-header-meta":"","header-above-stick-meta":"","header-main-stick-meta":"","header-below-stick-meta":"","astra-migrate-meta-layouts":"default","ast-page-background-enabled":"default","ast-page-background-meta":{"desktop":{"background-color":"","background-image":"","background-repeat":"repeat","background-position":"center center","background-size":"auto","background-attachment":"scroll","background-type":"","background-media":"","overlay-type":"","overlay-color":"","overlay-opacity":"","overlay-gradient":""},"tablet":{"background-color":"","background-image":"","background-repeat":"repeat","background-position":"center center","background-size":"auto","background-attachment":"scroll","background-type":"","background-media":"","overlay-type":"","overlay-color":"","overlay-opacity":"","overlay-gradient":""},"mobile":{"background-color":"","background-image":"","background-repeat":"repeat","background-position":"center center","background-size":"auto","background-attachment":"scroll","background-type":"","background-media":"","overlay-type":"","overlay-color":"","overlay-opacity":"","overlay-gradient":""}},"ast-content-background-meta":{"desktop":{"background-color":"var(--ast-global-color-5)","background-image":"","background-repeat":"repeat","background-position":"center center","background-size":"auto","background-attachment":"scroll","background-type":"","background-media":"","overlay-type":"","overlay-color":"","overlay-opacity":"","overlay-gradient":""},"tablet":{"background-color":"var(--ast-global-color-5)","background-image":"","background-repeat":"repeat","background-position":"center center","background-size":"auto","background-attachment":"scroll","background-type":"","background-media":"","overlay-type":"","overlay-color":"","overlay-opacity":"","overlay-gradient":""},"mobile":{"background-color":"var(--ast-global-color-5)","background-image":"","background-repeat":"repeat","background-position":"center center","background-size":"auto","background-attachment":"scroll","background-type":"","background-media":"","overlay-type":"","overlay-color":"","overlay-opacity":"","overlay-gradient":""}}},"product_brand":[],"product_cat":[18],"product_tag":[],"class_list":{"0":"post-336","1":"product","2":"type-product","3":"status-publish","4":"has-post-thumbnail","6":"product_cat-cidres","7":"desktop-align-left","8":"tablet-align-left","9":"mobile-align-left","11":"first","12":"instock","13":"shipping-taxable","14":"product-type-simple"},"_links":{"self":[{"href":"https:\/\/www.lagalotiere.fr\/en\/wp-json\/wp\/v2\/product\/336","targetHints":{"allow":["GET"]}}],"collection":[{"href":"https:\/\/www.lagalotiere.fr\/en\/wp-json\/wp\/v2\/product"}],"about":[{"href":"https:\/\/www.lagalotiere.fr\/en\/wp-json\/wp\/v2\/types\/product"}],"version-history":[{"count":0,"href":"https:\/\/www.lagalotiere.fr\/en\/wp-json\/wp\/v2\/product\/336\/revisions"}],"wp:featuredmedia":[{"embeddable":true,"href":"https:\/\/www.lagalotiere.fr\/en\/wp-json\/wp\/v2\/media\/337"}],"wp:attachment":[{"href":"https:\/\/www.lagalotiere.fr\/en\/wp-json\/wp\/v2\/media?parent=336"}],"wp:term":[{"taxonomy":"product_brand","embeddable":true,"href":"https:\/\/www.lagalotiere.fr\/en\/wp-json\/wp\/v2\/product_brand?post=336"},{"taxonomy":"product_cat","embeddable":true,"href":"https:\/\/www.lagalotiere.fr\/en\/wp-json\/wp\/v2\/product_cat?post=336"},{"taxonomy":"product_tag","embeddable":true,"href":"https:\/\/www.lagalotiere.fr\/en\/wp-json\/wp\/v2\/product_tag?post=336"}],"curies":[{"name":"wp","href":"https:\/\/api.w.org\/{rel}","templated":true}]}}