{"id":349,"date":"2021-02-18T11:24:46","date_gmt":"2021-02-18T11:24:46","guid":{"rendered":"http:\/\/lagalotiere.local\/?post_type=product&#038;p=349"},"modified":"2024-06-12T08:01:30","modified_gmt":"2024-06-12T08:01:30","slug":"cidre-cuvee-prestige-aop-biologique","status":"publish","type":"product","link":"https:\/\/www.lagalotiere.fr\/en\/product\/cidre-cuvee-prestige-aop-biologique\/","title":{"rendered":"Prestige Organic AOP Cider"},"content":{"rendered":"<p>Ce cidre cuv\u00e9e prestige biologique est \u00e9labor\u00e9 avec des pommes s\u00e9lectionn\u00e9es parmi les vari\u00e9t\u00e9s typiques de la r\u00e9gion, en suivant le cahier des charges de l\u2019AOP Pays-d\u2019Auge.<br \/>\nCes fruits proviennent d\u2019un verger expos\u00e9 plein sud sur des sols de craie, argile c\u00e9nomacienne. Ainsi, le pouvoir de ces sols ont le pouvoir de r\u00e9guler l\u2019eau du pommier.<\/p>\n<p>D\u2019ailleurs, nous ramassons les pommes avec un parapluie et nous les laissons m\u00fbrir pendant 2 mois \u00e0 l\u2019abri avant le pressage.<\/p>\n<p>Ces conditions conf\u00e8rent \u00e0 cette cuv\u00e9e puissance, finesse aromatique et douceur.<\/p>\n<p>Consommation : ap\u00e9ritif, viandes blanches, poissons, camembert affin\u00e9, dessert aux fruits.<\/p>\n<p>C\u2019est une bouteille de 75cl.<\/p>","protected":false},"excerpt":{"rendered":"<p>Ce cidre cuv\u00e9e prestige biologique est \u00e9labor\u00e9 avec des pommes s\u00e9lectionn\u00e9es parmi les vari\u00e9t\u00e9s typiques de la r\u00e9gion, en suivant le cahier des charges de l\u2019AOP Pays-d\u2019Auge. Ces fruits proviennent d\u2019un verger expos\u00e9 plein sud sur des sols de craie, argile c\u00e9nomacienne. Ainsi, le pouvoir de ces sols ont le pouvoir de r\u00e9guler l\u2019eau du [&hellip;]<\/p>\n","protected":false},"featured_media":1412,"template":"","meta":{"site-sidebar-layout":"default","site-content-layout":"default","ast-site-content-layout":"default","site-content-style":"default","site-sidebar-style":"default","ast-global-header-display":"","ast-banner-title-visibility":"","ast-main-header-display":"","ast-hfb-above-header-display":"","ast-hfb-below-header-display":"","ast-hfb-mobile-header-display":"","site-post-title":"","ast-breadcrumbs-content":"","ast-featured-img":"","footer-sml-layout":"","ast-disable-related-posts":"","theme-transparent-header-meta":"default","adv-header-id-meta":"","stick-header-meta":"","header-above-stick-meta":"","header-main-stick-meta":"","header-below-stick-meta":"","astra-migrate-meta-layouts":"set","ast-page-background-enabled":"default","ast-page-background-meta":{"desktop":{"background-color":"","background-image":"","background-repeat":"repeat","background-position":"center center","background-size":"auto","background-attachment":"scroll","background-type":"","background-media":"","overlay-type":"","overlay-color":"","overlay-opacity":"","overlay-gradient":""},"tablet":{"background-color":"","background-image":"","background-repeat":"repeat","background-position":"center center","background-size":"auto","background-attachment":"scroll","background-type":"","background-media":"","overlay-type":"","overlay-color":"","overlay-opacity":"","overlay-gradient":""},"mobile":{"background-color":"","background-image":"","background-repeat":"repeat","background-position":"center center","background-size":"auto","background-attachment":"scroll","background-type":"","background-media":"","overlay-type":"","overlay-color":"","overlay-opacity":"","overlay-gradient":""}},"ast-content-background-meta":{"desktop":{"background-color":"var(--ast-global-color-5)","background-image":"","background-repeat":"repeat","background-position":"center center","background-size":"auto","background-attachment":"scroll","background-type":"","background-media":"","overlay-type":"","overlay-color":"","overlay-opacity":"","overlay-gradient":""},"tablet":{"background-color":"var(--ast-global-color-5)","background-image":"","background-repeat":"repeat","background-position":"center center","background-size":"auto","background-attachment":"scroll","background-type":"","background-media":"","overlay-type":"","overlay-color":"","overlay-opacity":"","overlay-gradient":""},"mobile":{"background-color":"var(--ast-global-color-5)","background-image":"","background-repeat":"repeat","background-position":"center center","background-size":"auto","background-attachment":"scroll","background-type":"","background-media":"","overlay-type":"","overlay-color":"","overlay-opacity":"","overlay-gradient":""}}},"product_brand":[],"product_cat":[18],"product_tag":[],"class_list":{"0":"post-349","1":"product","2":"type-product","3":"status-publish","4":"has-post-thumbnail","6":"product_cat-cidres","7":"desktop-align-left","8":"tablet-align-left","9":"mobile-align-left","11":"first","12":"instock","13":"shipping-taxable","14":"product-type-simple"},"_links":{"self":[{"href":"https:\/\/www.lagalotiere.fr\/en\/wp-json\/wp\/v2\/product\/349","targetHints":{"allow":["GET"]}}],"collection":[{"href":"https:\/\/www.lagalotiere.fr\/en\/wp-json\/wp\/v2\/product"}],"about":[{"href":"https:\/\/www.lagalotiere.fr\/en\/wp-json\/wp\/v2\/types\/product"}],"version-history":[{"count":0,"href":"https:\/\/www.lagalotiere.fr\/en\/wp-json\/wp\/v2\/product\/349\/revisions"}],"wp:featuredmedia":[{"embeddable":true,"href":"https:\/\/www.lagalotiere.fr\/en\/wp-json\/wp\/v2\/media\/1412"}],"wp:attachment":[{"href":"https:\/\/www.lagalotiere.fr\/en\/wp-json\/wp\/v2\/media?parent=349"}],"wp:term":[{"taxonomy":"product_brand","embeddable":true,"href":"https:\/\/www.lagalotiere.fr\/en\/wp-json\/wp\/v2\/product_brand?post=349"},{"taxonomy":"product_cat","embeddable":true,"href":"https:\/\/www.lagalotiere.fr\/en\/wp-json\/wp\/v2\/product_cat?post=349"},{"taxonomy":"product_tag","embeddable":true,"href":"https:\/\/www.lagalotiere.fr\/en\/wp-json\/wp\/v2\/product_tag?post=349"}],"curies":[{"name":"wp","href":"https:\/\/api.w.org\/{rel}","templated":true}]}}