{"id":411,"date":"2021-02-18T14:59:54","date_gmt":"2021-02-18T14:59:54","guid":{"rendered":"http:\/\/lagalotiere.local\/?post_type=product&#038;p=411"},"modified":"2021-02-18T15:04:15","modified_gmt":"2021-02-18T15:04:15","slug":"liqueur-44-biologique","status":"publish","type":"product","link":"https:\/\/www.lagalotiere.fr\/en\/product\/liqueur-44-biologique\/","title":{"rendered":"Liqueur 44 Biologique"},"content":{"rendered":"<p>A l\u2019occasion du 75 \u00e8me anniversaire du d\u00e9barquement, La Galoti\u00e8re sort un nouveau produit !\u00a0C\u2019est un calvados arrang\u00e9, appel\u00e9 liqueur \u201c44\u201d.<\/p>\n<p>Ce produit est \u00e9labor\u00e9 avec des grains de caf\u00e9, des oranges et du sucre, tout cela mac\u00e9r\u00e9 44 jours dans du calvados de La Galoti\u00e8re. Bien sur, tout ces ingr\u00e9dients sont Bio. Cette liqueur de 36\u00b0 vol, se boit en digestif, en cocktail, ou bien dans une eau chaude.<\/p>","protected":false},"excerpt":{"rendered":"<p>A l\u2019occasion du 75 \u00e8me anniversaire du d\u00e9barquement, La Galoti\u00e8re sort un nouveau produit !\u00a0C\u2019est un calvados arrang\u00e9, appel\u00e9 liqueur \u201c44\u201d. Ce produit est \u00e9labor\u00e9 avec des grains de caf\u00e9, des oranges et du sucre, tout cela mac\u00e9r\u00e9 44 jours dans du calvados de La Galoti\u00e8re. Bien sur, tout ces ingr\u00e9dients sont Bio. Cette liqueur [&hellip;]<\/p>\n","protected":false},"featured_media":378,"template":"","meta":{"site-sidebar-layout":"default","site-content-layout":"default","ast-site-content-layout":"default","site-content-style":"default","site-sidebar-style":"default","ast-global-header-display":"","ast-banner-title-visibility":"","ast-main-header-display":"","ast-hfb-above-header-display":"","ast-hfb-below-header-display":"","ast-hfb-mobile-header-display":"","site-post-title":"","ast-breadcrumbs-content":"","ast-featured-img":"","footer-sml-layout":"","ast-disable-related-posts":"","theme-transparent-header-meta":"default","adv-header-id-meta":"","stick-header-meta":"","header-above-stick-meta":"","header-main-stick-meta":"","header-below-stick-meta":"","astra-migrate-meta-layouts":"default","ast-page-background-enabled":"default","ast-page-background-meta":{"desktop":{"background-color":"","background-image":"","background-repeat":"repeat","background-position":"center center","background-size":"auto","background-attachment":"scroll","background-type":"","background-media":"","overlay-type":"","overlay-color":"","overlay-opacity":"","overlay-gradient":""},"tablet":{"background-color":"","background-image":"","background-repeat":"repeat","background-position":"center center","background-size":"auto","background-attachment":"scroll","background-type":"","background-media":"","overlay-type":"","overlay-color":"","overlay-opacity":"","overlay-gradient":""},"mobile":{"background-color":"","background-image":"","background-repeat":"repeat","background-position":"center center","background-size":"auto","background-attachment":"scroll","background-type":"","background-media":"","overlay-type":"","overlay-color":"","overlay-opacity":"","overlay-gradient":""}},"ast-content-background-meta":{"desktop":{"background-color":"var(--ast-global-color-5)","background-image":"","background-repeat":"repeat","background-position":"center center","background-size":"auto","background-attachment":"scroll","background-type":"","background-media":"","overlay-type":"","overlay-color":"","overlay-opacity":"","overlay-gradient":""},"tablet":{"background-color":"var(--ast-global-color-5)","background-image":"","background-repeat":"repeat","background-position":"center center","background-size":"auto","background-attachment":"scroll","background-type":"","background-media":"","overlay-type":"","overlay-color":"","overlay-opacity":"","overlay-gradient":""},"mobile":{"background-color":"var(--ast-global-color-5)","background-image":"","background-repeat":"repeat","background-position":"center center","background-size":"auto","background-attachment":"scroll","background-type":"","background-media":"","overlay-type":"","overlay-color":"","overlay-opacity":"","overlay-gradient":""}}},"product_brand":[],"product_cat":[22],"product_tag":[],"class_list":{"0":"post-411","1":"product","2":"type-product","3":"status-publish","4":"has-post-thumbnail","6":"product_cat-calvados","7":"desktop-align-left","8":"tablet-align-left","9":"mobile-align-left","11":"first","12":"instock","13":"shipping-taxable","14":"product-type-simple"},"_links":{"self":[{"href":"https:\/\/www.lagalotiere.fr\/en\/wp-json\/wp\/v2\/product\/411","targetHints":{"allow":["GET"]}}],"collection":[{"href":"https:\/\/www.lagalotiere.fr\/en\/wp-json\/wp\/v2\/product"}],"about":[{"href":"https:\/\/www.lagalotiere.fr\/en\/wp-json\/wp\/v2\/types\/product"}],"version-history":[{"count":0,"href":"https:\/\/www.lagalotiere.fr\/en\/wp-json\/wp\/v2\/product\/411\/revisions"}],"wp:featuredmedia":[{"embeddable":true,"href":"https:\/\/www.lagalotiere.fr\/en\/wp-json\/wp\/v2\/media\/378"}],"wp:attachment":[{"href":"https:\/\/www.lagalotiere.fr\/en\/wp-json\/wp\/v2\/media?parent=411"}],"wp:term":[{"taxonomy":"product_brand","embeddable":true,"href":"https:\/\/www.lagalotiere.fr\/en\/wp-json\/wp\/v2\/product_brand?post=411"},{"taxonomy":"product_cat","embeddable":true,"href":"https:\/\/www.lagalotiere.fr\/en\/wp-json\/wp\/v2\/product_cat?post=411"},{"taxonomy":"product_tag","embeddable":true,"href":"https:\/\/www.lagalotiere.fr\/en\/wp-json\/wp\/v2\/product_tag?post=411"}],"curies":[{"name":"wp","href":"https:\/\/api.w.org\/{rel}","templated":true}]}}