{"id":422,"date":"2021-02-18T15:23:03","date_gmt":"2021-02-18T15:23:03","guid":{"rendered":"http:\/\/lagalotiere.local\/?post_type=product&#038;p=422"},"modified":"2021-02-18T15:23:04","modified_gmt":"2021-02-18T15:23:04","slug":"vinaigre-de-poire-biologique","status":"publish","type":"product","link":"https:\/\/www.lagalotiere.fr\/en\/product\/vinaigre-de-poire-biologique\/","title":{"rendered":"Vinaigre de Poir\u00e9 Biologique"},"content":{"rendered":"<p>Le vinaigre de poir\u00e9 biologique est fait \u00e0 partir de poir\u00e9 sec, qu\u2019on laisse plusieurs mois avec une m\u00e8re de vinaigre afin de transformer l\u2019alcool en acide ac\u00e9tique.<br \/>\nCe vinaigre de poir\u00e9 s\u2019utilise comme un autre vinaigre.<\/p>","protected":false},"excerpt":{"rendered":"<p>Le vinaigre de poir\u00e9 biologique est fait \u00e0 partir de poir\u00e9 sec, qu\u2019on laisse plusieurs mois avec une m\u00e8re de vinaigre afin de transformer l\u2019alcool en acide ac\u00e9tique. Ce vinaigre de poir\u00e9 s\u2019utilise comme un autre vinaigre.<\/p>","protected":false},"featured_media":420,"template":"","meta":{"site-sidebar-layout":"default","site-content-layout":"default","ast-site-content-layout":"default","site-content-style":"default","site-sidebar-style":"default","ast-global-header-display":"","ast-banner-title-visibility":"","ast-main-header-display":"","ast-hfb-above-header-display":"","ast-hfb-below-header-display":"","ast-hfb-mobile-header-display":"","site-post-title":"","ast-breadcrumbs-content":"","ast-featured-img":"","footer-sml-layout":"","ast-disable-related-posts":"","theme-transparent-header-meta":"default","adv-header-id-meta":"","stick-header-meta":"","header-above-stick-meta":"","header-main-stick-meta":"","header-below-stick-meta":"","astra-migrate-meta-layouts":"default","ast-page-background-enabled":"default","ast-page-background-meta":{"desktop":{"background-color":"","background-image":"","background-repeat":"repeat","background-position":"center center","background-size":"auto","background-attachment":"scroll","background-type":"","background-media":"","overlay-type":"","overlay-color":"","overlay-opacity":"","overlay-gradient":""},"tablet":{"background-color":"","background-image":"","background-repeat":"repeat","background-position":"center center","background-size":"auto","background-attachment":"scroll","background-type":"","background-media":"","overlay-type":"","overlay-color":"","overlay-opacity":"","overlay-gradient":""},"mobile":{"background-color":"","background-image":"","background-repeat":"repeat","background-position":"center center","background-size":"auto","background-attachment":"scroll","background-type":"","background-media":"","overlay-type":"","overlay-color":"","overlay-opacity":"","overlay-gradient":""}},"ast-content-background-meta":{"desktop":{"background-color":"var(--ast-global-color-5)","background-image":"","background-repeat":"repeat","background-position":"center center","background-size":"auto","background-attachment":"scroll","background-type":"","background-media":"","overlay-type":"","overlay-color":"","overlay-opacity":"","overlay-gradient":""},"tablet":{"background-color":"var(--ast-global-color-5)","background-image":"","background-repeat":"repeat","background-position":"center center","background-size":"auto","background-attachment":"scroll","background-type":"","background-media":"","overlay-type":"","overlay-color":"","overlay-opacity":"","overlay-gradient":""},"mobile":{"background-color":"var(--ast-global-color-5)","background-image":"","background-repeat":"repeat","background-position":"center center","background-size":"auto","background-attachment":"scroll","background-type":"","background-media":"","overlay-type":"","overlay-color":"","overlay-opacity":"","overlay-gradient":""}}},"product_brand":[],"product_cat":[23],"product_tag":[],"class_list":{"0":"post-422","1":"product","2":"type-product","3":"status-publish","4":"has-post-thumbnail","6":"product_cat-vinaigres","7":"desktop-align-left","8":"tablet-align-left","9":"mobile-align-left","11":"first","12":"instock","13":"shipping-taxable","14":"product-type-simple"},"_links":{"self":[{"href":"https:\/\/www.lagalotiere.fr\/en\/wp-json\/wp\/v2\/product\/422","targetHints":{"allow":["GET"]}}],"collection":[{"href":"https:\/\/www.lagalotiere.fr\/en\/wp-json\/wp\/v2\/product"}],"about":[{"href":"https:\/\/www.lagalotiere.fr\/en\/wp-json\/wp\/v2\/types\/product"}],"version-history":[{"count":0,"href":"https:\/\/www.lagalotiere.fr\/en\/wp-json\/wp\/v2\/product\/422\/revisions"}],"wp:featuredmedia":[{"embeddable":true,"href":"https:\/\/www.lagalotiere.fr\/en\/wp-json\/wp\/v2\/media\/420"}],"wp:attachment":[{"href":"https:\/\/www.lagalotiere.fr\/en\/wp-json\/wp\/v2\/media?parent=422"}],"wp:term":[{"taxonomy":"product_brand","embeddable":true,"href":"https:\/\/www.lagalotiere.fr\/en\/wp-json\/wp\/v2\/product_brand?post=422"},{"taxonomy":"product_cat","embeddable":true,"href":"https:\/\/www.lagalotiere.fr\/en\/wp-json\/wp\/v2\/product_cat?post=422"},{"taxonomy":"product_tag","embeddable":true,"href":"https:\/\/www.lagalotiere.fr\/en\/wp-json\/wp\/v2\/product_tag?post=422"}],"curies":[{"name":"wp","href":"https:\/\/api.w.org\/{rel}","templated":true}]}}