{"id":423,"date":"2021-02-18T15:31:06","date_gmt":"2021-02-18T15:31:06","guid":{"rendered":"http:\/\/lagalotiere.local\/?post_type=product&#038;p=423"},"modified":"2023-02-25T09:58:54","modified_gmt":"2023-02-25T09:58:54","slug":"poire-cuvee-prestige-biologique","status":"publish","type":"product","link":"https:\/\/www.lagalotiere.fr\/en\/product\/poire-cuvee-prestige-biologique\/","title":{"rendered":"Prestige Organic Perry"},"content":{"rendered":"<p>Ce cidre de poire est \u00e9labor\u00e9 avec 4 vari\u00e9t\u00e9s ancestrales de poires \u00e0 poir\u00e9 biologique sur des sols d\u2019argile \u00e0 silex.<br \/>\nCes conditions conf\u00e8rent \u00e0 cette cuv\u00e9e de la fraicheur, une p\u00e9tillance fine et sensuelle qui viendront caresser vos papilles, pour un ap\u00e9ritif peu alcoolis\u00e9 et original.<\/p>\n<p>Ce poir\u00e9 cuv\u00e9e prestige se d\u00e9guste aussi avec un dessert au chocolat.<\/p>","protected":false},"excerpt":{"rendered":"<p>Ce cidre de poire est \u00e9labor\u00e9 avec 4 vari\u00e9t\u00e9s ancestrales de poires \u00e0 poir\u00e9 biologique sur des sols d\u2019argile \u00e0 silex. Ces conditions conf\u00e8rent \u00e0 cette cuv\u00e9e de la fraicheur, une p\u00e9tillance fine et sensuelle qui viendront caresser vos papilles, pour un ap\u00e9ritif peu alcoolis\u00e9 et original. Ce poir\u00e9 cuv\u00e9e prestige se d\u00e9guste aussi avec [&hellip;]<\/p>\n","protected":false},"featured_media":0,"template":"","meta":{"site-sidebar-layout":"default","site-content-layout":"default","ast-site-content-layout":"default","site-content-style":"default","site-sidebar-style":"default","ast-global-header-display":"","ast-banner-title-visibility":"","ast-main-header-display":"","ast-hfb-above-header-display":"","ast-hfb-below-header-display":"","ast-hfb-mobile-header-display":"","site-post-title":"","ast-breadcrumbs-content":"","ast-featured-img":"","footer-sml-layout":"","ast-disable-related-posts":"","theme-transparent-header-meta":"default","adv-header-id-meta":"","stick-header-meta":"","header-above-stick-meta":"","header-main-stick-meta":"","header-below-stick-meta":"","astra-migrate-meta-layouts":"default","ast-page-background-enabled":"default","ast-page-background-meta":{"desktop":{"background-color":"","background-image":"","background-repeat":"repeat","background-position":"center center","background-size":"auto","background-attachment":"scroll","background-type":"","background-media":"","overlay-type":"","overlay-color":"","overlay-opacity":"","overlay-gradient":""},"tablet":{"background-color":"","background-image":"","background-repeat":"repeat","background-position":"center center","background-size":"auto","background-attachment":"scroll","background-type":"","background-media":"","overlay-type":"","overlay-color":"","overlay-opacity":"","overlay-gradient":""},"mobile":{"background-color":"","background-image":"","background-repeat":"repeat","background-position":"center center","background-size":"auto","background-attachment":"scroll","background-type":"","background-media":"","overlay-type":"","overlay-color":"","overlay-opacity":"","overlay-gradient":""}},"ast-content-background-meta":{"desktop":{"background-color":"var(--ast-global-color-5)","background-image":"","background-repeat":"repeat","background-position":"center center","background-size":"auto","background-attachment":"scroll","background-type":"","background-media":"","overlay-type":"","overlay-color":"","overlay-opacity":"","overlay-gradient":""},"tablet":{"background-color":"var(--ast-global-color-5)","background-image":"","background-repeat":"repeat","background-position":"center center","background-size":"auto","background-attachment":"scroll","background-type":"","background-media":"","overlay-type":"","overlay-color":"","overlay-opacity":"","overlay-gradient":""},"mobile":{"background-color":"var(--ast-global-color-5)","background-image":"","background-repeat":"repeat","background-position":"center center","background-size":"auto","background-attachment":"scroll","background-type":"","background-media":"","overlay-type":"","overlay-color":"","overlay-opacity":"","overlay-gradient":""}}},"product_brand":[],"product_cat":[24],"product_tag":[],"class_list":{"0":"post-423","1":"product","2":"type-product","3":"status-publish","5":"product_cat-poires","6":"desktop-align-left","7":"tablet-align-left","8":"mobile-align-left","10":"first","11":"instock","12":"shipping-taxable","13":"product-type-simple"},"_links":{"self":[{"href":"https:\/\/www.lagalotiere.fr\/en\/wp-json\/wp\/v2\/product\/423","targetHints":{"allow":["GET"]}}],"collection":[{"href":"https:\/\/www.lagalotiere.fr\/en\/wp-json\/wp\/v2\/product"}],"about":[{"href":"https:\/\/www.lagalotiere.fr\/en\/wp-json\/wp\/v2\/types\/product"}],"version-history":[{"count":0,"href":"https:\/\/www.lagalotiere.fr\/en\/wp-json\/wp\/v2\/product\/423\/revisions"}],"wp:attachment":[{"href":"https:\/\/www.lagalotiere.fr\/en\/wp-json\/wp\/v2\/media?parent=423"}],"wp:term":[{"taxonomy":"product_brand","embeddable":true,"href":"https:\/\/www.lagalotiere.fr\/en\/wp-json\/wp\/v2\/product_brand?post=423"},{"taxonomy":"product_cat","embeddable":true,"href":"https:\/\/www.lagalotiere.fr\/en\/wp-json\/wp\/v2\/product_cat?post=423"},{"taxonomy":"product_tag","embeddable":true,"href":"https:\/\/www.lagalotiere.fr\/en\/wp-json\/wp\/v2\/product_tag?post=423"}],"curies":[{"name":"wp","href":"https:\/\/api.w.org\/{rel}","templated":true}]}}