{"id":430,"date":"2021-02-18T15:34:23","date_gmt":"2021-02-18T15:34:23","guid":{"rendered":"http:\/\/lagalotiere.local\/?post_type=product&#038;p=430"},"modified":"2021-02-18T15:34:24","modified_gmt":"2021-02-18T15:34:24","slug":"cidre-demi-sec-aop-biologique","status":"publish","type":"product","link":"https:\/\/www.lagalotiere.fr\/en\/product\/cidre-demi-sec-aop-biologique\/","title":{"rendered":"Cidre Demi-Sec AOP Biologique"},"content":{"rendered":"<p>Le cidre demi-sec AOP Pays-d\u2019Auge biologique (75cl) est typique pour sa mousse fine, blanche et persistante, une couleur intense variant du jaune orang\u00e9 \u00e0 l\u2019ambr\u00e9. En bouche, il est plut\u00f4t moelleux, avec tr\u00e8s peu d\u2019acidit\u00e9, l\u00e9g\u00e8rement amertum\u00e9.<\/p>\n<p>Ce cidre est \u00e9labor\u00e9 en suivant le cahier des charges de l\u2019AOP Pays-d\u2019Auge.<\/p>\n<p>Il est id\u00e9al pour accompagner les plats cr\u00e9m\u00e9s, les fromages, surtout le camembert, et les desserts.<\/p>","protected":false},"excerpt":{"rendered":"<p>Le cidre demi-sec AOP Pays-d\u2019Auge biologique (75cl) est typique pour sa mousse fine, blanche et persistante, une couleur intense variant du jaune orang\u00e9 \u00e0 l\u2019ambr\u00e9. En bouche, il est plut\u00f4t moelleux, avec tr\u00e8s peu d\u2019acidit\u00e9, l\u00e9g\u00e8rement amertum\u00e9. Ce cidre est \u00e9labor\u00e9 en suivant le cahier des charges de l\u2019AOP Pays-d\u2019Auge. Il est id\u00e9al pour accompagner [&hellip;]<\/p>\n","protected":false},"featured_media":431,"template":"","meta":{"site-sidebar-layout":"default","site-content-layout":"default","ast-site-content-layout":"default","site-content-style":"default","site-sidebar-style":"default","ast-global-header-display":"","ast-banner-title-visibility":"","ast-main-header-display":"","ast-hfb-above-header-display":"","ast-hfb-below-header-display":"","ast-hfb-mobile-header-display":"","site-post-title":"","ast-breadcrumbs-content":"","ast-featured-img":"","footer-sml-layout":"","ast-disable-related-posts":"","theme-transparent-header-meta":"default","adv-header-id-meta":"","stick-header-meta":"","header-above-stick-meta":"","header-main-stick-meta":"","header-below-stick-meta":"","astra-migrate-meta-layouts":"default","ast-page-background-enabled":"default","ast-page-background-meta":{"desktop":{"background-color":"","background-image":"","background-repeat":"repeat","background-position":"center center","background-size":"auto","background-attachment":"scroll","background-type":"","background-media":"","overlay-type":"","overlay-color":"","overlay-opacity":"","overlay-gradient":""},"tablet":{"background-color":"","background-image":"","background-repeat":"repeat","background-position":"center center","background-size":"auto","background-attachment":"scroll","background-type":"","background-media":"","overlay-type":"","overlay-color":"","overlay-opacity":"","overlay-gradient":""},"mobile":{"background-color":"","background-image":"","background-repeat":"repeat","background-position":"center center","background-size":"auto","background-attachment":"scroll","background-type":"","background-media":"","overlay-type":"","overlay-color":"","overlay-opacity":"","overlay-gradient":""}},"ast-content-background-meta":{"desktop":{"background-color":"var(--ast-global-color-5)","background-image":"","background-repeat":"repeat","background-position":"center center","background-size":"auto","background-attachment":"scroll","background-type":"","background-media":"","overlay-type":"","overlay-color":"","overlay-opacity":"","overlay-gradient":""},"tablet":{"background-color":"var(--ast-global-color-5)","background-image":"","background-repeat":"repeat","background-position":"center center","background-size":"auto","background-attachment":"scroll","background-type":"","background-media":"","overlay-type":"","overlay-color":"","overlay-opacity":"","overlay-gradient":""},"mobile":{"background-color":"var(--ast-global-color-5)","background-image":"","background-repeat":"repeat","background-position":"center center","background-size":"auto","background-attachment":"scroll","background-type":"","background-media":"","overlay-type":"","overlay-color":"","overlay-opacity":"","overlay-gradient":""}}},"product_brand":[],"product_cat":[18],"product_tag":[],"class_list":{"0":"post-430","1":"product","2":"type-product","3":"status-publish","4":"has-post-thumbnail","6":"product_cat-cidres","7":"desktop-align-left","8":"tablet-align-left","9":"mobile-align-left","11":"first","12":"instock","13":"shipping-taxable","14":"product-type-simple"},"_links":{"self":[{"href":"https:\/\/www.lagalotiere.fr\/en\/wp-json\/wp\/v2\/product\/430","targetHints":{"allow":["GET"]}}],"collection":[{"href":"https:\/\/www.lagalotiere.fr\/en\/wp-json\/wp\/v2\/product"}],"about":[{"href":"https:\/\/www.lagalotiere.fr\/en\/wp-json\/wp\/v2\/types\/product"}],"version-history":[{"count":0,"href":"https:\/\/www.lagalotiere.fr\/en\/wp-json\/wp\/v2\/product\/430\/revisions"}],"wp:featuredmedia":[{"embeddable":true,"href":"https:\/\/www.lagalotiere.fr\/en\/wp-json\/wp\/v2\/media\/431"}],"wp:attachment":[{"href":"https:\/\/www.lagalotiere.fr\/en\/wp-json\/wp\/v2\/media?parent=430"}],"wp:term":[{"taxonomy":"product_brand","embeddable":true,"href":"https:\/\/www.lagalotiere.fr\/en\/wp-json\/wp\/v2\/product_brand?post=430"},{"taxonomy":"product_cat","embeddable":true,"href":"https:\/\/www.lagalotiere.fr\/en\/wp-json\/wp\/v2\/product_cat?post=430"},{"taxonomy":"product_tag","embeddable":true,"href":"https:\/\/www.lagalotiere.fr\/en\/wp-json\/wp\/v2\/product_tag?post=430"}],"curies":[{"name":"wp","href":"https:\/\/api.w.org\/{rel}","templated":true}]}}