{"id":432,"date":"2021-02-18T15:35:26","date_gmt":"2021-02-18T15:35:26","guid":{"rendered":"http:\/\/lagalotiere.local\/?post_type=product&#038;p=432"},"modified":"2021-02-18T15:35:26","modified_gmt":"2021-02-18T15:35:26","slug":"cidre-douceur-biologique","status":"publish","type":"product","link":"https:\/\/www.lagalotiere.fr\/en\/product\/cidre-douceur-biologique\/","title":{"rendered":"Cidre Douceur Biologique"},"content":{"rendered":"<p>Ce cidre douceur est \u00e9labor\u00e9 avec des vari\u00e9t\u00e9s comme : Doux Normandie, Petit jaune, Bedon.<\/p>\n<p>Il poss\u00e8de une belle couleur dor\u00e9e orang\u00e9e.<\/p>\n<p>Au nez, il est tr\u00e8s fruit\u00e9. Et, en bouche on retrouve un c\u00f4t\u00e9 moelleux.<\/p>\n<p>Il est tr\u00e8s agr\u00e9able avec des desserts.<\/p>","protected":false},"excerpt":{"rendered":"<p>Ce cidre douceur est \u00e9labor\u00e9 avec des vari\u00e9t\u00e9s comme : Doux Normandie, Petit jaune, Bedon. Il poss\u00e8de une belle couleur dor\u00e9e orang\u00e9e. Au nez, il est tr\u00e8s fruit\u00e9. Et, en bouche on retrouve un c\u00f4t\u00e9 moelleux. Il est tr\u00e8s agr\u00e9able avec des desserts.<\/p>","protected":false},"featured_media":433,"template":"","meta":{"site-sidebar-layout":"default","site-content-layout":"default","ast-site-content-layout":"default","site-content-style":"default","site-sidebar-style":"default","ast-global-header-display":"","ast-banner-title-visibility":"","ast-main-header-display":"","ast-hfb-above-header-display":"","ast-hfb-below-header-display":"","ast-hfb-mobile-header-display":"","site-post-title":"","ast-breadcrumbs-content":"","ast-featured-img":"","footer-sml-layout":"","ast-disable-related-posts":"","theme-transparent-header-meta":"default","adv-header-id-meta":"","stick-header-meta":"","header-above-stick-meta":"","header-main-stick-meta":"","header-below-stick-meta":"","astra-migrate-meta-layouts":"default","ast-page-background-enabled":"default","ast-page-background-meta":{"desktop":{"background-color":"","background-image":"","background-repeat":"repeat","background-position":"center center","background-size":"auto","background-attachment":"scroll","background-type":"","background-media":"","overlay-type":"","overlay-color":"","overlay-opacity":"","overlay-gradient":""},"tablet":{"background-color":"","background-image":"","background-repeat":"repeat","background-position":"center center","background-size":"auto","background-attachment":"scroll","background-type":"","background-media":"","overlay-type":"","overlay-color":"","overlay-opacity":"","overlay-gradient":""},"mobile":{"background-color":"","background-image":"","background-repeat":"repeat","background-position":"center center","background-size":"auto","background-attachment":"scroll","background-type":"","background-media":"","overlay-type":"","overlay-color":"","overlay-opacity":"","overlay-gradient":""}},"ast-content-background-meta":{"desktop":{"background-color":"var(--ast-global-color-5)","background-image":"","background-repeat":"repeat","background-position":"center center","background-size":"auto","background-attachment":"scroll","background-type":"","background-media":"","overlay-type":"","overlay-color":"","overlay-opacity":"","overlay-gradient":""},"tablet":{"background-color":"var(--ast-global-color-5)","background-image":"","background-repeat":"repeat","background-position":"center center","background-size":"auto","background-attachment":"scroll","background-type":"","background-media":"","overlay-type":"","overlay-color":"","overlay-opacity":"","overlay-gradient":""},"mobile":{"background-color":"var(--ast-global-color-5)","background-image":"","background-repeat":"repeat","background-position":"center center","background-size":"auto","background-attachment":"scroll","background-type":"","background-media":"","overlay-type":"","overlay-color":"","overlay-opacity":"","overlay-gradient":""}}},"product_brand":[],"product_cat":[18],"product_tag":[],"class_list":{"0":"post-432","1":"product","2":"type-product","3":"status-publish","4":"has-post-thumbnail","6":"product_cat-cidres","7":"desktop-align-left","8":"tablet-align-left","9":"mobile-align-left","11":"first","12":"instock","13":"shipping-taxable","14":"product-type-simple"},"_links":{"self":[{"href":"https:\/\/www.lagalotiere.fr\/en\/wp-json\/wp\/v2\/product\/432","targetHints":{"allow":["GET"]}}],"collection":[{"href":"https:\/\/www.lagalotiere.fr\/en\/wp-json\/wp\/v2\/product"}],"about":[{"href":"https:\/\/www.lagalotiere.fr\/en\/wp-json\/wp\/v2\/types\/product"}],"version-history":[{"count":0,"href":"https:\/\/www.lagalotiere.fr\/en\/wp-json\/wp\/v2\/product\/432\/revisions"}],"wp:featuredmedia":[{"embeddable":true,"href":"https:\/\/www.lagalotiere.fr\/en\/wp-json\/wp\/v2\/media\/433"}],"wp:attachment":[{"href":"https:\/\/www.lagalotiere.fr\/en\/wp-json\/wp\/v2\/media?parent=432"}],"wp:term":[{"taxonomy":"product_brand","embeddable":true,"href":"https:\/\/www.lagalotiere.fr\/en\/wp-json\/wp\/v2\/product_brand?post=432"},{"taxonomy":"product_cat","embeddable":true,"href":"https:\/\/www.lagalotiere.fr\/en\/wp-json\/wp\/v2\/product_cat?post=432"},{"taxonomy":"product_tag","embeddable":true,"href":"https:\/\/www.lagalotiere.fr\/en\/wp-json\/wp\/v2\/product_tag?post=432"}],"curies":[{"name":"wp","href":"https:\/\/api.w.org\/{rel}","templated":true}]}}