{"id":445,"date":"2021-02-18T15:43:10","date_gmt":"2021-02-18T15:43:10","guid":{"rendered":"http:\/\/lagalotiere.local\/?post_type=product&#038;p=445"},"modified":"2021-02-18T15:43:10","modified_gmt":"2021-02-18T15:43:10","slug":"pack-decouverte-4-bouteilles","status":"publish","type":"product","link":"https:\/\/www.lagalotiere.fr\/en\/product\/pack-decouverte-4-bouteilles\/","title":{"rendered":"Pack d\u00e9couverte 4 bouteilles"},"content":{"rendered":"<p>Ce coffret de quatre canettes de 33cl de cidre permet de faire d\u00e9couvrir \u00e0 vous et \u00e0 vos proches, quatre cidres avec des saveurs diff\u00e9rentes.<\/p>\n<p>Ces quatre bouteilles sont pr\u00e9sent\u00e9es dans une petite valise noire, design et facilement transportable.<\/p>\n<p>Le coffret est compos\u00e9 de :<\/p>\n<ul>\n<li>1 bouteilles de cidre \u201cHoublonn\u00e9\u201d : Sec, amertum\u00e9, notes de fruits exotiques.<\/li>\n<li>1 bouteille de cidre \u201cLa petite douceur\u201d : Rond, fruit\u00e9, notes d\u2019agrumes et de beurre frais.<\/li>\n<li>1 bouteilles de cidre \u201cLe classique\u201d : Brut, fruit\u00e9, notes de fruits confits et d\u2019anis.<\/li>\n<li>1 bouteille de cidre \u201cLe gaillard\u201d : Sec, charpent\u00e9, notes de fruits rouges.<\/li>\n<\/ul>","protected":false},"excerpt":{"rendered":"<p>Ce coffret de quatre canettes de 33cl de cidre permet de faire d\u00e9couvrir \u00e0 vous et \u00e0 vos proches, quatre cidres avec des saveurs diff\u00e9rentes. Ces quatre bouteilles sont pr\u00e9sent\u00e9es dans une petite valise noire, design et facilement transportable. Le coffret est compos\u00e9 de : 1 bouteilles de cidre \u201cHoublonn\u00e9\u201d : Sec, amertum\u00e9, notes de [&hellip;]<\/p>\n","protected":false},"featured_media":440,"template":"","meta":{"site-sidebar-layout":"default","site-content-layout":"default","ast-site-content-layout":"default","site-content-style":"default","site-sidebar-style":"default","ast-global-header-display":"","ast-banner-title-visibility":"","ast-main-header-display":"","ast-hfb-above-header-display":"","ast-hfb-below-header-display":"","ast-hfb-mobile-header-display":"","site-post-title":"","ast-breadcrumbs-content":"","ast-featured-img":"","footer-sml-layout":"","ast-disable-related-posts":"","theme-transparent-header-meta":"default","adv-header-id-meta":"","stick-header-meta":"","header-above-stick-meta":"","header-main-stick-meta":"","header-below-stick-meta":"","astra-migrate-meta-layouts":"default","ast-page-background-enabled":"default","ast-page-background-meta":{"desktop":{"background-color":"","background-image":"","background-repeat":"repeat","background-position":"center center","background-size":"auto","background-attachment":"scroll","background-type":"","background-media":"","overlay-type":"","overlay-color":"","overlay-opacity":"","overlay-gradient":""},"tablet":{"background-color":"","background-image":"","background-repeat":"repeat","background-position":"center center","background-size":"auto","background-attachment":"scroll","background-type":"","background-media":"","overlay-type":"","overlay-color":"","overlay-opacity":"","overlay-gradient":""},"mobile":{"background-color":"","background-image":"","background-repeat":"repeat","background-position":"center center","background-size":"auto","background-attachment":"scroll","background-type":"","background-media":"","overlay-type":"","overlay-color":"","overlay-opacity":"","overlay-gradient":""}},"ast-content-background-meta":{"desktop":{"background-color":"var(--ast-global-color-5)","background-image":"","background-repeat":"repeat","background-position":"center center","background-size":"auto","background-attachment":"scroll","background-type":"","background-media":"","overlay-type":"","overlay-color":"","overlay-opacity":"","overlay-gradient":""},"tablet":{"background-color":"var(--ast-global-color-5)","background-image":"","background-repeat":"repeat","background-position":"center center","background-size":"auto","background-attachment":"scroll","background-type":"","background-media":"","overlay-type":"","overlay-color":"","overlay-opacity":"","overlay-gradient":""},"mobile":{"background-color":"var(--ast-global-color-5)","background-image":"","background-repeat":"repeat","background-position":"center center","background-size":"auto","background-attachment":"scroll","background-type":"","background-media":"","overlay-type":"","overlay-color":"","overlay-opacity":"","overlay-gradient":""}}},"product_brand":[],"product_cat":[18],"product_tag":[],"class_list":{"0":"post-445","1":"product","2":"type-product","3":"status-publish","4":"has-post-thumbnail","6":"product_cat-cidres","7":"desktop-align-left","8":"tablet-align-left","9":"mobile-align-left","11":"first","12":"instock","13":"shipping-taxable","14":"product-type-simple"},"_links":{"self":[{"href":"https:\/\/www.lagalotiere.fr\/en\/wp-json\/wp\/v2\/product\/445","targetHints":{"allow":["GET"]}}],"collection":[{"href":"https:\/\/www.lagalotiere.fr\/en\/wp-json\/wp\/v2\/product"}],"about":[{"href":"https:\/\/www.lagalotiere.fr\/en\/wp-json\/wp\/v2\/types\/product"}],"version-history":[{"count":0,"href":"https:\/\/www.lagalotiere.fr\/en\/wp-json\/wp\/v2\/product\/445\/revisions"}],"wp:featuredmedia":[{"embeddable":true,"href":"https:\/\/www.lagalotiere.fr\/en\/wp-json\/wp\/v2\/media\/440"}],"wp:attachment":[{"href":"https:\/\/www.lagalotiere.fr\/en\/wp-json\/wp\/v2\/media?parent=445"}],"wp:term":[{"taxonomy":"product_brand","embeddable":true,"href":"https:\/\/www.lagalotiere.fr\/en\/wp-json\/wp\/v2\/product_brand?post=445"},{"taxonomy":"product_cat","embeddable":true,"href":"https:\/\/www.lagalotiere.fr\/en\/wp-json\/wp\/v2\/product_cat?post=445"},{"taxonomy":"product_tag","embeddable":true,"href":"https:\/\/www.lagalotiere.fr\/en\/wp-json\/wp\/v2\/product_tag?post=445"}],"curies":[{"name":"wp","href":"https:\/\/api.w.org\/{rel}","templated":true}]}}