{"id":447,"date":"2021-02-18T19:28:34","date_gmt":"2021-02-18T19:28:34","guid":{"rendered":"http:\/\/lagalotiere.local\/?post_type=product&#038;p=447"},"modified":"2021-02-18T19:28:34","modified_gmt":"2021-02-18T19:28:34","slug":"poire-sec-biologique","status":"publish","type":"product","link":"https:\/\/www.lagalotiere.fr\/en\/product\/poire-sec-biologique\/","title":{"rendered":"Organic Dry Perry"},"content":{"rendered":"<p>Le poir\u00e9 sec est biologique, c\u2019est une boisson traditionnelle \u00e9labor\u00e9 exclusivement \u00e0 partir de la fermentation de jus de poires. C\u2019est une boisson fruit\u00e9e et p\u00e9tillante. \u00a0Peu alcoolis\u00e9, il se d\u00e9guste tr\u00e8s frais en ap\u00e9ritif, on y retrouve alors la saveur subtile des poires et le bouquet champ\u00eatre d\u2019une boisson traditionnelle mais tr\u00e8s actuelle.<\/p>\n<p>Il peut aussi accompagner les poissons et les fruits de mer.<\/p>","protected":false},"excerpt":{"rendered":"<p>Le poir\u00e9 sec est biologique, c\u2019est une boisson traditionnelle \u00e9labor\u00e9 exclusivement \u00e0 partir de la fermentation de jus de poires. C\u2019est une boisson fruit\u00e9e et p\u00e9tillante. \u00a0Peu alcoolis\u00e9, il se d\u00e9guste tr\u00e8s frais en ap\u00e9ritif, on y retrouve alors la saveur subtile des poires et le bouquet champ\u00eatre d\u2019une boisson traditionnelle mais tr\u00e8s actuelle. Il [&hellip;]<\/p>\n","protected":false},"featured_media":448,"template":"","meta":{"site-sidebar-layout":"default","site-content-layout":"default","ast-site-content-layout":"default","site-content-style":"default","site-sidebar-style":"default","ast-global-header-display":"","ast-banner-title-visibility":"","ast-main-header-display":"","ast-hfb-above-header-display":"","ast-hfb-below-header-display":"","ast-hfb-mobile-header-display":"","site-post-title":"","ast-breadcrumbs-content":"","ast-featured-img":"","footer-sml-layout":"","ast-disable-related-posts":"","theme-transparent-header-meta":"default","adv-header-id-meta":"","stick-header-meta":"","header-above-stick-meta":"","header-main-stick-meta":"","header-below-stick-meta":"","astra-migrate-meta-layouts":"default","ast-page-background-enabled":"default","ast-page-background-meta":{"desktop":{"background-color":"","background-image":"","background-repeat":"repeat","background-position":"center center","background-size":"auto","background-attachment":"scroll","background-type":"","background-media":"","overlay-type":"","overlay-color":"","overlay-opacity":"","overlay-gradient":""},"tablet":{"background-color":"","background-image":"","background-repeat":"repeat","background-position":"center center","background-size":"auto","background-attachment":"scroll","background-type":"","background-media":"","overlay-type":"","overlay-color":"","overlay-opacity":"","overlay-gradient":""},"mobile":{"background-color":"","background-image":"","background-repeat":"repeat","background-position":"center center","background-size":"auto","background-attachment":"scroll","background-type":"","background-media":"","overlay-type":"","overlay-color":"","overlay-opacity":"","overlay-gradient":""}},"ast-content-background-meta":{"desktop":{"background-color":"var(--ast-global-color-5)","background-image":"","background-repeat":"repeat","background-position":"center center","background-size":"auto","background-attachment":"scroll","background-type":"","background-media":"","overlay-type":"","overlay-color":"","overlay-opacity":"","overlay-gradient":""},"tablet":{"background-color":"var(--ast-global-color-5)","background-image":"","background-repeat":"repeat","background-position":"center center","background-size":"auto","background-attachment":"scroll","background-type":"","background-media":"","overlay-type":"","overlay-color":"","overlay-opacity":"","overlay-gradient":""},"mobile":{"background-color":"var(--ast-global-color-5)","background-image":"","background-repeat":"repeat","background-position":"center center","background-size":"auto","background-attachment":"scroll","background-type":"","background-media":"","overlay-type":"","overlay-color":"","overlay-opacity":"","overlay-gradient":""}}},"product_brand":[],"product_cat":[24],"product_tag":[],"class_list":{"0":"post-447","1":"product","2":"type-product","3":"status-publish","4":"has-post-thumbnail","6":"product_cat-poires","7":"desktop-align-left","8":"tablet-align-left","9":"mobile-align-left","11":"first","12":"instock","13":"shipping-taxable","14":"product-type-simple"},"_links":{"self":[{"href":"https:\/\/www.lagalotiere.fr\/en\/wp-json\/wp\/v2\/product\/447","targetHints":{"allow":["GET"]}}],"collection":[{"href":"https:\/\/www.lagalotiere.fr\/en\/wp-json\/wp\/v2\/product"}],"about":[{"href":"https:\/\/www.lagalotiere.fr\/en\/wp-json\/wp\/v2\/types\/product"}],"version-history":[{"count":1,"href":"https:\/\/www.lagalotiere.fr\/en\/wp-json\/wp\/v2\/product\/447\/revisions"}],"predecessor-version":[{"id":1362,"href":"https:\/\/www.lagalotiere.fr\/en\/wp-json\/wp\/v2\/product\/447\/revisions\/1362"}],"wp:featuredmedia":[{"embeddable":true,"href":"https:\/\/www.lagalotiere.fr\/en\/wp-json\/wp\/v2\/media\/448"}],"wp:attachment":[{"href":"https:\/\/www.lagalotiere.fr\/en\/wp-json\/wp\/v2\/media?parent=447"}],"wp:term":[{"taxonomy":"product_brand","embeddable":true,"href":"https:\/\/www.lagalotiere.fr\/en\/wp-json\/wp\/v2\/product_brand?post=447"},{"taxonomy":"product_cat","embeddable":true,"href":"https:\/\/www.lagalotiere.fr\/en\/wp-json\/wp\/v2\/product_cat?post=447"},{"taxonomy":"product_tag","embeddable":true,"href":"https:\/\/www.lagalotiere.fr\/en\/wp-json\/wp\/v2\/product_tag?post=447"}],"curies":[{"name":"wp","href":"https:\/\/api.w.org\/{rel}","templated":true}]}}