{"id":467,"date":"2021-02-19T09:12:56","date_gmt":"2021-02-19T09:12:56","guid":{"rendered":"http:\/\/lagalotiere.local\/?post_type=product&#038;p=467"},"modified":"2023-04-14T07:50:00","modified_gmt":"2023-04-14T07:50:00","slug":"mignonette-calvados-biologique","status":"publish","type":"product","link":"https:\/\/www.lagalotiere.fr\/en\/product\/mignonette-calvados-biologique\/","title":{"rendered":"Mignonette Calvados biologique"},"content":{"rendered":"<p>Cette mignonnette contient 5 cl de calvados VSOP 6-7 ans.<\/p>\n<p>Cette petite bouteille est facilement transportable, notamment dans l\u2019avion, afin de ramener un beau cadeau local \u00e0 vos proches lors de votre s\u00e9jour en Normandie.<\/p>\n<p>Mais aussi, cette mignonnette peut \u00eatre utilis\u00e9e comme cadeau dispos\u00e9 sur une belle table d\u2019un grand \u00e9v\u00e8nement de type mariage, anniversaire, bapt\u00eame \u2026<\/p>\n<p>Nous avons plusieurs possibilit\u00e9s sur r\u00e9servation :<\/p>\n<ul>\n<li>Cire noire ou rouge.<\/li>\n<li>Etiquettes du domaine ou \u00e9tiquettes personnalis\u00e9es.<\/li>\n<\/ul>","protected":false},"excerpt":{"rendered":"<p>Cette mignonnette contient 5 cl de calvados VSOP 6-7 ans. Cette petite bouteille est facilement transportable, notamment dans l\u2019avion, afin de ramener un beau cadeau local \u00e0 vos proches lors de votre s\u00e9jour en Normandie. Mais aussi, cette mignonnette peut \u00eatre utilis\u00e9e comme cadeau dispos\u00e9 sur une belle table d\u2019un grand \u00e9v\u00e8nement de type mariage, [&hellip;]<\/p>\n","protected":false},"featured_media":0,"template":"","meta":{"site-sidebar-layout":"default","site-content-layout":"default","ast-site-content-layout":"default","site-content-style":"default","site-sidebar-style":"default","ast-global-header-display":"","ast-banner-title-visibility":"","ast-main-header-display":"","ast-hfb-above-header-display":"","ast-hfb-below-header-display":"","ast-hfb-mobile-header-display":"","site-post-title":"","ast-breadcrumbs-content":"","ast-featured-img":"","footer-sml-layout":"","ast-disable-related-posts":"","theme-transparent-header-meta":"default","adv-header-id-meta":"","stick-header-meta":"","header-above-stick-meta":"","header-main-stick-meta":"","header-below-stick-meta":"","astra-migrate-meta-layouts":"default","ast-page-background-enabled":"default","ast-page-background-meta":{"desktop":{"background-color":"","background-image":"","background-repeat":"repeat","background-position":"center center","background-size":"auto","background-attachment":"scroll","background-type":"","background-media":"","overlay-type":"","overlay-color":"","overlay-opacity":"","overlay-gradient":""},"tablet":{"background-color":"","background-image":"","background-repeat":"repeat","background-position":"center center","background-size":"auto","background-attachment":"scroll","background-type":"","background-media":"","overlay-type":"","overlay-color":"","overlay-opacity":"","overlay-gradient":""},"mobile":{"background-color":"","background-image":"","background-repeat":"repeat","background-position":"center center","background-size":"auto","background-attachment":"scroll","background-type":"","background-media":"","overlay-type":"","overlay-color":"","overlay-opacity":"","overlay-gradient":""}},"ast-content-background-meta":{"desktop":{"background-color":"var(--ast-global-color-5)","background-image":"","background-repeat":"repeat","background-position":"center center","background-size":"auto","background-attachment":"scroll","background-type":"","background-media":"","overlay-type":"","overlay-color":"","overlay-opacity":"","overlay-gradient":""},"tablet":{"background-color":"var(--ast-global-color-5)","background-image":"","background-repeat":"repeat","background-position":"center center","background-size":"auto","background-attachment":"scroll","background-type":"","background-media":"","overlay-type":"","overlay-color":"","overlay-opacity":"","overlay-gradient":""},"mobile":{"background-color":"var(--ast-global-color-5)","background-image":"","background-repeat":"repeat","background-position":"center center","background-size":"auto","background-attachment":"scroll","background-type":"","background-media":"","overlay-type":"","overlay-color":"","overlay-opacity":"","overlay-gradient":""}}},"product_brand":[],"product_cat":[22],"product_tag":[],"class_list":{"0":"post-467","1":"product","2":"type-product","3":"status-publish","5":"product_cat-calvados","6":"desktop-align-left","7":"tablet-align-left","8":"mobile-align-left","10":"first","11":"instock","12":"shipping-taxable","13":"product-type-simple"},"_links":{"self":[{"href":"https:\/\/www.lagalotiere.fr\/en\/wp-json\/wp\/v2\/product\/467","targetHints":{"allow":["GET"]}}],"collection":[{"href":"https:\/\/www.lagalotiere.fr\/en\/wp-json\/wp\/v2\/product"}],"about":[{"href":"https:\/\/www.lagalotiere.fr\/en\/wp-json\/wp\/v2\/types\/product"}],"version-history":[{"count":0,"href":"https:\/\/www.lagalotiere.fr\/en\/wp-json\/wp\/v2\/product\/467\/revisions"}],"wp:attachment":[{"href":"https:\/\/www.lagalotiere.fr\/en\/wp-json\/wp\/v2\/media?parent=467"}],"wp:term":[{"taxonomy":"product_brand","embeddable":true,"href":"https:\/\/www.lagalotiere.fr\/en\/wp-json\/wp\/v2\/product_brand?post=467"},{"taxonomy":"product_cat","embeddable":true,"href":"https:\/\/www.lagalotiere.fr\/en\/wp-json\/wp\/v2\/product_cat?post=467"},{"taxonomy":"product_tag","embeddable":true,"href":"https:\/\/www.lagalotiere.fr\/en\/wp-json\/wp\/v2\/product_tag?post=467"}],"curies":[{"name":"wp","href":"https:\/\/api.w.org\/{rel}","templated":true}]}}