{"id":469,"date":"2021-02-19T09:15:59","date_gmt":"2021-02-19T09:15:59","guid":{"rendered":"http:\/\/lagalotiere.local\/?post_type=product&#038;p=469"},"modified":"2021-02-19T09:15:59","modified_gmt":"2021-02-19T09:15:59","slug":"cubi-jus-de-pomme-biologique-5l","status":"publish","type":"product","link":"https:\/\/www.lagalotiere.fr\/en\/product\/cubi-jus-de-pomme-biologique-5l\/","title":{"rendered":"Cubi Jus de Pomme Biologique 5L"},"content":{"rendered":"<p>Notre jus de pomme biologique, est fabriqu\u00e9 \u00e0 partir de pomme \u00e0 cidre acidul\u00e9e. C\u2019est pourquoi, il est peu sucr\u00e9 et tr\u00e8s rafra\u00eechissant.<\/p>\n<p>C\u2019est un cubi de cinq litres. Une fois ouvert, il peut se conserver six semaines au r\u00e9frig\u00e9rateur.<\/p>","protected":false},"excerpt":{"rendered":"<p>Notre jus de pomme biologique, est fabriqu\u00e9 \u00e0 partir de pomme \u00e0 cidre acidul\u00e9e. C\u2019est pourquoi, il est peu sucr\u00e9 et tr\u00e8s rafra\u00eechissant. C\u2019est un cubi de cinq litres. Une fois ouvert, il peut se conserver six semaines au r\u00e9frig\u00e9rateur.<\/p>","protected":false},"featured_media":0,"template":"","meta":{"site-sidebar-layout":"default","site-content-layout":"default","ast-site-content-layout":"default","site-content-style":"default","site-sidebar-style":"default","ast-global-header-display":"","ast-banner-title-visibility":"","ast-main-header-display":"","ast-hfb-above-header-display":"","ast-hfb-below-header-display":"","ast-hfb-mobile-header-display":"","site-post-title":"","ast-breadcrumbs-content":"","ast-featured-img":"","footer-sml-layout":"","ast-disable-related-posts":"","theme-transparent-header-meta":"default","adv-header-id-meta":"","stick-header-meta":"","header-above-stick-meta":"","header-main-stick-meta":"","header-below-stick-meta":"","astra-migrate-meta-layouts":"default","ast-page-background-enabled":"default","ast-page-background-meta":{"desktop":{"background-color":"","background-image":"","background-repeat":"repeat","background-position":"center center","background-size":"auto","background-attachment":"scroll","background-type":"","background-media":"","overlay-type":"","overlay-color":"","overlay-opacity":"","overlay-gradient":""},"tablet":{"background-color":"","background-image":"","background-repeat":"repeat","background-position":"center center","background-size":"auto","background-attachment":"scroll","background-type":"","background-media":"","overlay-type":"","overlay-color":"","overlay-opacity":"","overlay-gradient":""},"mobile":{"background-color":"","background-image":"","background-repeat":"repeat","background-position":"center center","background-size":"auto","background-attachment":"scroll","background-type":"","background-media":"","overlay-type":"","overlay-color":"","overlay-opacity":"","overlay-gradient":""}},"ast-content-background-meta":{"desktop":{"background-color":"var(--ast-global-color-5)","background-image":"","background-repeat":"repeat","background-position":"center center","background-size":"auto","background-attachment":"scroll","background-type":"","background-media":"","overlay-type":"","overlay-color":"","overlay-opacity":"","overlay-gradient":""},"tablet":{"background-color":"var(--ast-global-color-5)","background-image":"","background-repeat":"repeat","background-position":"center center","background-size":"auto","background-attachment":"scroll","background-type":"","background-media":"","overlay-type":"","overlay-color":"","overlay-opacity":"","overlay-gradient":""},"mobile":{"background-color":"var(--ast-global-color-5)","background-image":"","background-repeat":"repeat","background-position":"center center","background-size":"auto","background-attachment":"scroll","background-type":"","background-media":"","overlay-type":"","overlay-color":"","overlay-opacity":"","overlay-gradient":""}}},"product_brand":[],"product_cat":[21],"product_tag":[],"class_list":{"0":"post-469","1":"product","2":"type-product","3":"status-publish","5":"product_cat-jus","6":"desktop-align-left","7":"tablet-align-left","8":"mobile-align-left","10":"first","11":"instock","12":"shipping-taxable","13":"product-type-simple"},"_links":{"self":[{"href":"https:\/\/www.lagalotiere.fr\/en\/wp-json\/wp\/v2\/product\/469","targetHints":{"allow":["GET"]}}],"collection":[{"href":"https:\/\/www.lagalotiere.fr\/en\/wp-json\/wp\/v2\/product"}],"about":[{"href":"https:\/\/www.lagalotiere.fr\/en\/wp-json\/wp\/v2\/types\/product"}],"version-history":[{"count":0,"href":"https:\/\/www.lagalotiere.fr\/en\/wp-json\/wp\/v2\/product\/469\/revisions"}],"wp:attachment":[{"href":"https:\/\/www.lagalotiere.fr\/en\/wp-json\/wp\/v2\/media?parent=469"}],"wp:term":[{"taxonomy":"product_brand","embeddable":true,"href":"https:\/\/www.lagalotiere.fr\/en\/wp-json\/wp\/v2\/product_brand?post=469"},{"taxonomy":"product_cat","embeddable":true,"href":"https:\/\/www.lagalotiere.fr\/en\/wp-json\/wp\/v2\/product_cat?post=469"},{"taxonomy":"product_tag","embeddable":true,"href":"https:\/\/www.lagalotiere.fr\/en\/wp-json\/wp\/v2\/product_tag?post=469"}],"curies":[{"name":"wp","href":"https:\/\/api.w.org\/{rel}","templated":true}]}}